{"id":78,"date":"2022-08-22T12:23:58","date_gmt":"2022-08-22T16:23:58","guid":{"rendered":"http:\/\/davidcloutier.mlbwdev.com\/?page_id=78"},"modified":"2023-12-11T16:19:51","modified_gmt":"2023-12-11T21:19:51","slug":"urgences-dentaires","status":"publish","type":"page","link":"https:\/\/cliniquedentaire1935.ca\/fr\/urgences-dentaires\/","title":{"rendered":"Urgences dentaires"},"content":{"rendered":"\t\t<div data-elementor-type=\"wp-post\" data-elementor-id=\"78\" class=\"elementor elementor-78\">\n\t\t\t\t\t\t<section class=\"elementor-section elementor-top-section elementor-element elementor-element-1f61d1f header-section elementor-section-stretched elementor-section-boxed elementor-section-height-default elementor-section-height-default\" data-id=\"1f61d1f\" data-element_type=\"section\" data-e-type=\"section\" data-settings=\"{&quot;jet_parallax_layout_list&quot;:[{&quot;jet_parallax_layout_image&quot;:{&quot;url&quot;:&quot;&quot;,&quot;id&quot;:&quot;&quot;,&quot;size&quot;:&quot;&quot;},&quot;_id&quot;:&quot;eb59214&quot;,&quot;jet_parallax_layout_image_tablet&quot;:{&quot;url&quot;:&quot;&quot;,&quot;id&quot;:&quot;&quot;,&quot;size&quot;:&quot;&quot;},&quot;jet_parallax_layout_image_mobile&quot;:{&quot;url&quot;:&quot;&quot;,&quot;id&quot;:&quot;&quot;,&quot;size&quot;:&quot;&quot;},&quot;jet_parallax_layout_speed&quot;:{&quot;unit&quot;:&quot;%&quot;,&quot;size&quot;:50,&quot;sizes&quot;:[]},&quot;jet_parallax_layout_type&quot;:&quot;scroll&quot;,&quot;jet_parallax_layout_direction&quot;:&quot;1&quot;,&quot;jet_parallax_layout_fx_direction&quot;:null,&quot;jet_parallax_layout_z_index&quot;:&quot;&quot;,&quot;jet_parallax_layout_bg_x&quot;:50,&quot;jet_parallax_layout_bg_x_tablet&quot;:&quot;&quot;,&quot;jet_parallax_layout_bg_x_mobile&quot;:&quot;&quot;,&quot;jet_parallax_layout_bg_y&quot;:50,&quot;jet_parallax_layout_bg_y_tablet&quot;:&quot;&quot;,&quot;jet_parallax_layout_bg_y_mobile&quot;:&quot;&quot;,&quot;jet_parallax_layout_bg_size&quot;:&quot;auto&quot;,&quot;jet_parallax_layout_bg_size_tablet&quot;:&quot;&quot;,&quot;jet_parallax_layout_bg_size_mobile&quot;:&quot;&quot;,&quot;jet_parallax_layout_animation_prop&quot;:&quot;transform&quot;,&quot;jet_parallax_layout_on&quot;:[&quot;desktop&quot;,&quot;tablet&quot;]}],&quot;background_background&quot;:&quot;classic&quot;,&quot;stretch_section&quot;:&quot;section-stretched&quot;}\">\n\t\t\t\t\t\t<div class=\"elementor-container elementor-column-gap-default\">\n\t\t\t\t\t<div class=\"elementor-column elementor-col-100 elementor-top-column elementor-element elementor-element-9ffcf5b\" data-id=\"9ffcf5b\" data-element_type=\"column\" data-e-type=\"column\">\n\t\t\t<div class=\"elementor-widget-wrap elementor-element-populated\">\n\t\t\t\t\t\t<div class=\"elementor-element elementor-element-2a323d5 elementor-widget elementor-widget-text-editor\" data-id=\"2a323d5\" data-element_type=\"widget\" data-e-type=\"widget\" data-widget_type=\"text-editor.default\">\n\t\t\t\t<div class=\"elementor-widget-container\">\n\t\t\t\t\t\t\t\t\t<h1 style=\"text-align: left;\">Clinique Dentaire\u00a01935\u00a0: votre clinique dentaire d\u2019urgence \u00e0 Montr\u00e9al<\/h1>\t\t\t\t\t\t\t\t<\/div>\n\t\t\t\t<\/div>\n\t\t\t\t<div class=\"elementor-element elementor-element-5e0b3ff btn-container btn-container--blue elementor-align-left elementor-widget elementor-widget-button\" data-id=\"5e0b3ff\" data-element_type=\"widget\" data-e-type=\"widget\" data-widget_type=\"button.default\">\n\t\t\t\t<div class=\"elementor-widget-container\">\n\t\t\t\t\t\t\t\t\t<div class=\"elementor-button-wrapper\">\n\t\t\t\t\t<a class=\"elementor-button elementor-button-link elementor-size-sm\" href=\"https:\/\/cliniquedentaire1935.ca\/fr\/nous-joindre\/\">\n\t\t\t\t\t\t<span class=\"elementor-button-content-wrapper\">\n\t\t\t\t\t\t\t\t\t<span class=\"elementor-button-text\">Prise de rendez-vous<\/span>\n\t\t\t\t\t<\/span>\n\t\t\t\t\t<\/a>\n\t\t\t\t<\/div>\n\t\t\t\t\t\t\t\t<\/div>\n\t\t\t\t<\/div>\n\t\t\t\t\t<\/div>\n\t\t<\/div>\n\t\t\t\t\t<\/div>\n\t\t<\/section>\n\t\t\t\t<section class=\"elementor-section elementor-top-section elementor-element elementor-element-0c52425 elementor-section-stretched row-padding mobile-no-bg elementor-section-boxed elementor-section-height-default elementor-section-height-default\" data-id=\"0c52425\" data-element_type=\"section\" data-e-type=\"section\" data-settings=\"{&quot;stretch_section&quot;:&quot;section-stretched&quot;,&quot;jet_parallax_layout_list&quot;:[{&quot;jet_parallax_layout_image&quot;:{&quot;url&quot;:&quot;&quot;,&quot;id&quot;:&quot;&quot;,&quot;size&quot;:&quot;&quot;},&quot;_id&quot;:&quot;147723a&quot;,&quot;jet_parallax_layout_image_tablet&quot;:{&quot;url&quot;:&quot;&quot;,&quot;id&quot;:&quot;&quot;,&quot;size&quot;:&quot;&quot;},&quot;jet_parallax_layout_image_mobile&quot;:{&quot;url&quot;:&quot;&quot;,&quot;id&quot;:&quot;&quot;,&quot;size&quot;:&quot;&quot;},&quot;jet_parallax_layout_speed&quot;:{&quot;unit&quot;:&quot;%&quot;,&quot;size&quot;:50,&quot;sizes&quot;:[]},&quot;jet_parallax_layout_type&quot;:&quot;scroll&quot;,&quot;jet_parallax_layout_direction&quot;:&quot;1&quot;,&quot;jet_parallax_layout_fx_direction&quot;:null,&quot;jet_parallax_layout_z_index&quot;:&quot;&quot;,&quot;jet_parallax_layout_bg_x&quot;:50,&quot;jet_parallax_layout_bg_x_tablet&quot;:&quot;&quot;,&quot;jet_parallax_layout_bg_x_mobile&quot;:&quot;&quot;,&quot;jet_parallax_layout_bg_y&quot;:50,&quot;jet_parallax_layout_bg_y_tablet&quot;:&quot;&quot;,&quot;jet_parallax_layout_bg_y_mobile&quot;:&quot;&quot;,&quot;jet_parallax_layout_bg_size&quot;:&quot;auto&quot;,&quot;jet_parallax_layout_bg_size_tablet&quot;:&quot;&quot;,&quot;jet_parallax_layout_bg_size_mobile&quot;:&quot;&quot;,&quot;jet_parallax_layout_animation_prop&quot;:&quot;transform&quot;,&quot;jet_parallax_layout_on&quot;:[&quot;desktop&quot;,&quot;tablet&quot;]}],&quot;background_background&quot;:&quot;classic&quot;}\">\n\t\t\t\t\t\t<div class=\"elementor-container elementor-column-gap-default\">\n\t\t\t\t\t<div class=\"elementor-column elementor-col-50 elementor-top-column elementor-element elementor-element-02cb892\" data-id=\"02cb892\" data-element_type=\"column\" data-e-type=\"column\" data-settings=\"{&quot;background_background&quot;:&quot;classic&quot;}\">\n\t\t\t<div class=\"elementor-widget-wrap\">\n\t\t\t\t\t\t\t<\/div>\n\t\t<\/div>\n\t\t\t\t<div class=\"elementor-column elementor-col-50 elementor-top-column elementor-element elementor-element-6efcccc\" data-id=\"6efcccc\" data-element_type=\"column\" data-e-type=\"column\">\n\t\t\t<div class=\"elementor-widget-wrap elementor-element-populated\">\n\t\t\t\t\t\t<div class=\"elementor-element elementor-element-a82c9c3 elementor-widget elementor-widget-text-editor\" data-id=\"a82c9c3\" data-element_type=\"widget\" data-e-type=\"widget\" data-widget_type=\"text-editor.default\">\n\t\t\t\t<div class=\"elementor-widget-container\">\n\t\t\t\t\t\t\t\t\t<p style=\"text-align: center;\">Rage dentaire, abc\u00e8s, <a href=\"https:\/\/cliniquedentaire1935.ca\/fr\/blogue\/pulpite-inflammation-pulpe-dentaire\/\" target=\"_blank\" rel=\"noopener\">pulpite<\/a>, infection dentaire, dent cass\u00e9e, etc. Il n\u2019est pas toujours possible de pr\u00e9voir une urgence dentaire. Les sensibilit\u00e9s dentaires ne sont pas \u00e0 prendre \u00e0 la l\u00e9g\u00e8re. Ainsi, si vous ressentez une g\u00eane ou que vous vous trouvez dans une situation anormale impliquant une douleur dentaire, il est plus que temps de consulter.<\/p><p style=\"text-align: center;\">Impr\u00e9visible, une inflammation bucco-dentaire peut arriver \u00e0 tout moment de la journ\u00e9e et il est p\u00e9nible d\u2019attendre seulement le prochain rendez-vous avec son dentiste pour soulager sa peine.<\/p><p style=\"text-align: center;\">Pour une prise en charge des plus efficaces, rendez vous dans notre clinique situ\u00e9e pr\u00e8s du\u00a0<a href=\"https:\/\/cliniquedentaire1935.ca\/fr\/dentiste-plateau-mont-royal\/\">Plateau Mont-Royal<\/a>\u00a0et\u00a0<a href=\"https:\/\/cliniquedentaire1935.ca\/fr\/dentiste-hochelaga\/\">Hochelaga.<\/a><\/p>\t\t\t\t\t\t\t\t<\/div>\n\t\t\t\t<\/div>\n\t\t\t\t<div class=\"elementor-element elementor-element-40312a4 btn-container btn-container--blue elementor-align-center elementor-widget elementor-widget-button\" data-id=\"40312a4\" data-element_type=\"widget\" data-e-type=\"widget\" data-widget_type=\"button.default\">\n\t\t\t\t<div class=\"elementor-widget-container\">\n\t\t\t\t\t\t\t\t\t<div class=\"elementor-button-wrapper\">\n\t\t\t\t\t<a class=\"elementor-button elementor-button-link elementor-size-sm\" href=\"https:\/\/cliniquedentaire1935.ca\/fr\/nous-joindre\/\">\n\t\t\t\t\t\t<span class=\"elementor-button-content-wrapper\">\n\t\t\t\t\t\t\t\t\t<span class=\"elementor-button-text\">Rendez-vous d'urgence<\/span>\n\t\t\t\t\t<\/span>\n\t\t\t\t\t<\/a>\n\t\t\t\t<\/div>\n\t\t\t\t\t\t\t\t<\/div>\n\t\t\t\t<\/div>\n\t\t\t\t\t<\/div>\n\t\t<\/div>\n\t\t\t\t\t<\/div>\n\t\t<\/section>\n\t\t\t\t<section class=\"elementor-section elementor-top-section elementor-element elementor-element-d246723 elementor-section-boxed elementor-section-height-default elementor-section-height-default\" data-id=\"d246723\" data-element_type=\"section\" data-e-type=\"section\" data-settings=\"{&quot;jet_parallax_layout_list&quot;:[]}\">\n\t\t\t\t\t\t<div class=\"elementor-container elementor-column-gap-default\">\n\t\t\t\t\t<div class=\"elementor-column elementor-col-100 elementor-top-column elementor-element elementor-element-1936ee1\" data-id=\"1936ee1\" data-element_type=\"column\" data-e-type=\"column\">\n\t\t\t<div class=\"elementor-widget-wrap elementor-element-populated\">\n\t\t\t\t\t\t<div class=\"elementor-element elementor-element-3e986f4 elementor-widget elementor-widget-spacer\" data-id=\"3e986f4\" data-element_type=\"widget\" data-e-type=\"widget\" data-widget_type=\"spacer.default\">\n\t\t\t\t<div class=\"elementor-widget-container\">\n\t\t\t\t\t\t\t<div class=\"elementor-spacer\">\n\t\t\t<div class=\"elementor-spacer-inner\"><\/div>\n\t\t<\/div>\n\t\t\t\t\t\t<\/div>\n\t\t\t\t<\/div>\n\t\t\t\t\t<\/div>\n\t\t<\/div>\n\t\t\t\t\t<\/div>\n\t\t<\/section>\n\t\t\t\t<section class=\"elementor-section elementor-top-section elementor-element elementor-element-01b2485 elementor-section-boxed elementor-section-height-default elementor-section-height-default\" data-id=\"01b2485\" data-element_type=\"section\" data-e-type=\"section\" data-settings=\"{&quot;jet_parallax_layout_list&quot;:[]}\">\n\t\t\t\t\t\t<div class=\"elementor-container elementor-column-gap-default\">\n\t\t\t\t\t<div class=\"elementor-column elementor-col-100 elementor-top-column elementor-element elementor-element-fb8feab\" data-id=\"fb8feab\" data-element_type=\"column\" data-e-type=\"column\">\n\t\t\t<div class=\"elementor-widget-wrap elementor-element-populated\">\n\t\t\t\t\t\t<div class=\"elementor-element elementor-element-bdbf8f2 elementor-widget elementor-widget-text-editor\" data-id=\"bdbf8f2\" data-element_type=\"widget\" data-e-type=\"widget\" data-widget_type=\"text-editor.default\">\n\t\t\t\t<div class=\"elementor-widget-container\">\n\t\t\t\t\t\t\t\t\t<h2 style=\"text-align: center;\"><span style=\"color: #000000;\"><strong>Un service d\u2019urgence dentaire rapide \u00e0 Montr\u00e9al<\/strong><\/span><\/h2><p style=\"text-align: center;\">Lors d\u2019une urgence dentaire, les douleurs peuvent malheureusement \u00eatre tr\u00e8s p\u00e9nibles. Le besoin de consulter un professionnel de la sant\u00e9 devient alors une priorit\u00e9. La clinique dentaire 1935 est ouvert du lundi au vendredi pour vous servir.<\/p>\t\t\t\t\t\t\t\t<\/div>\n\t\t\t\t<\/div>\n\t\t\t\t\t<\/div>\n\t\t<\/div>\n\t\t\t\t\t<\/div>\n\t\t<\/section>\n\t\t\t\t<section class=\"elementor-section elementor-top-section elementor-element elementor-element-7faddf9 elementor-section-boxed elementor-section-height-default elementor-section-height-default\" data-id=\"7faddf9\" data-element_type=\"section\" data-e-type=\"section\" data-settings=\"{&quot;jet_parallax_layout_list&quot;:[]}\">\n\t\t\t\t\t\t<div class=\"elementor-container elementor-column-gap-default\">\n\t\t\t\t\t<div class=\"elementor-column elementor-col-100 elementor-top-column elementor-element elementor-element-f7321b3\" data-id=\"f7321b3\" data-element_type=\"column\" data-e-type=\"column\">\n\t\t\t<div class=\"elementor-widget-wrap elementor-element-populated\">\n\t\t\t\t\t\t<div class=\"elementor-element elementor-element-d4a6b61 elementor-widget-divider--view-line elementor-widget elementor-widget-divider\" data-id=\"d4a6b61\" data-element_type=\"widget\" data-e-type=\"widget\" data-widget_type=\"divider.default\">\n\t\t\t\t<div class=\"elementor-widget-container\">\n\t\t\t\t\t\t\t<div class=\"elementor-divider\">\n\t\t\t<span class=\"elementor-divider-separator\">\n\t\t\t\t\t\t<\/span>\n\t\t<\/div>\n\t\t\t\t\t\t<\/div>\n\t\t\t\t<\/div>\n\t\t\t\t\t<\/div>\n\t\t<\/div>\n\t\t\t\t\t<\/div>\n\t\t<\/section>\n\t\t\t\t<section class=\"elementor-section elementor-top-section elementor-element elementor-element-61626d7 elementor-section-boxed elementor-section-height-default elementor-section-height-default\" data-id=\"61626d7\" data-element_type=\"section\" data-e-type=\"section\" data-settings=\"{&quot;jet_parallax_layout_list&quot;:[]}\">\n\t\t\t\t\t\t<div class=\"elementor-container elementor-column-gap-default\">\n\t\t\t\t\t<div class=\"elementor-column elementor-col-100 elementor-top-column elementor-element elementor-element-b7a149b\" data-id=\"b7a149b\" data-element_type=\"column\" data-e-type=\"column\">\n\t\t\t<div class=\"elementor-widget-wrap elementor-element-populated\">\n\t\t\t\t\t\t<div class=\"elementor-element elementor-element-6065237 elementor-widget elementor-widget-text-editor\" data-id=\"6065237\" data-element_type=\"widget\" data-e-type=\"widget\" data-widget_type=\"text-editor.default\">\n\t\t\t\t<div class=\"elementor-widget-container\">\n\t\t\t\t\t\t\t\t\t<h2 style=\"text-align: center;\"><span style=\"color: #000000;\"><strong>Que faire en cas d\u2019urgence dentaire\u2009?<\/strong><\/span><\/h2><h3 style=\"text-align: center;\"><span style=\"color: #000000;\">Prenez rendez-vous au plus vite.<\/span><\/h3><p>Appelez-nous au <a href=\"tel:5145271276\" target=\"_blank\" rel=\"noopener\">+1\u00a0(514)\u00a0527-1276<\/a>. Nous nous effor\u00e7ons toujours d\u2019\u00eatre r\u00e9actifs et de r\u00e9pondre quasi instantan\u00e9ment. Si ce n\u2019est pas le cas, nous vous rappellerons dans la journ\u00e9e.<\/p><p>Vous pouvez toujours venir sur place aux <a href=\"https:\/\/www.google.com\/maps?q=1935,+boul.+De+Maisonneuve+Est+Montr%C3%A9al,+QC+H2K+4P4&amp;um=1&amp;ie=UTF-8&amp;sa=X&amp;ved=0ahUKEwiWz_6K0dDiAhUFTt8KHX-uDOEQ_AUIECgB\" target=\"_blank\" rel=\"noopener\">1935\u00a0boul. De Maisonneuve Est Montr\u00e9al, QC H2K 4P4<\/a>. Nous ferons le n\u00e9cessaire pour vous prendre ne charge rapidement et vous soulager.<\/p>\t\t\t\t\t\t\t\t<\/div>\n\t\t\t\t<\/div>\n\t\t\t\t\t<\/div>\n\t\t<\/div>\n\t\t\t\t\t<\/div>\n\t\t<\/section>\n\t\t\t\t<section class=\"elementor-section elementor-top-section elementor-element elementor-element-4db3418 elementor-section-boxed elementor-section-height-default elementor-section-height-default\" data-id=\"4db3418\" data-element_type=\"section\" data-e-type=\"section\" data-settings=\"{&quot;jet_parallax_layout_list&quot;:[]}\">\n\t\t\t\t\t\t<div class=\"elementor-container elementor-column-gap-default\">\n\t\t\t\t\t<div class=\"elementor-column elementor-col-100 elementor-top-column elementor-element elementor-element-877ed87\" data-id=\"877ed87\" data-element_type=\"column\" data-e-type=\"column\">\n\t\t\t<div class=\"elementor-widget-wrap\">\n\t\t\t\t\t\t\t<\/div>\n\t\t<\/div>\n\t\t\t\t\t<\/div>\n\t\t<\/section>\n\t\t\t\t<section class=\"elementor-section elementor-top-section elementor-element elementor-element-042ff0d elementor-section-stretched row-padding mobile-no-bg elementor-section-boxed elementor-section-height-default elementor-section-height-default\" data-id=\"042ff0d\" data-element_type=\"section\" data-e-type=\"section\" data-settings=\"{&quot;stretch_section&quot;:&quot;section-stretched&quot;,&quot;jet_parallax_layout_list&quot;:[{&quot;jet_parallax_layout_image&quot;:{&quot;url&quot;:&quot;&quot;,&quot;id&quot;:&quot;&quot;,&quot;size&quot;:&quot;&quot;},&quot;_id&quot;:&quot;147723a&quot;,&quot;jet_parallax_layout_image_tablet&quot;:{&quot;url&quot;:&quot;&quot;,&quot;id&quot;:&quot;&quot;,&quot;size&quot;:&quot;&quot;},&quot;jet_parallax_layout_image_mobile&quot;:{&quot;url&quot;:&quot;&quot;,&quot;id&quot;:&quot;&quot;,&quot;size&quot;:&quot;&quot;},&quot;jet_parallax_layout_speed&quot;:{&quot;unit&quot;:&quot;%&quot;,&quot;size&quot;:50,&quot;sizes&quot;:[]},&quot;jet_parallax_layout_type&quot;:&quot;scroll&quot;,&quot;jet_parallax_layout_direction&quot;:&quot;1&quot;,&quot;jet_parallax_layout_fx_direction&quot;:null,&quot;jet_parallax_layout_z_index&quot;:&quot;&quot;,&quot;jet_parallax_layout_bg_x&quot;:50,&quot;jet_parallax_layout_bg_x_tablet&quot;:&quot;&quot;,&quot;jet_parallax_layout_bg_x_mobile&quot;:&quot;&quot;,&quot;jet_parallax_layout_bg_y&quot;:50,&quot;jet_parallax_layout_bg_y_tablet&quot;:&quot;&quot;,&quot;jet_parallax_layout_bg_y_mobile&quot;:&quot;&quot;,&quot;jet_parallax_layout_bg_size&quot;:&quot;auto&quot;,&quot;jet_parallax_layout_bg_size_tablet&quot;:&quot;&quot;,&quot;jet_parallax_layout_bg_size_mobile&quot;:&quot;&quot;,&quot;jet_parallax_layout_animation_prop&quot;:&quot;transform&quot;,&quot;jet_parallax_layout_on&quot;:[&quot;desktop&quot;,&quot;tablet&quot;]}],&quot;background_background&quot;:&quot;classic&quot;}\">\n\t\t\t\t\t\t<div class=\"elementor-container elementor-column-gap-default\">\n\t\t\t\t\t<div class=\"elementor-column elementor-col-50 elementor-top-column elementor-element elementor-element-f7ad2ef\" data-id=\"f7ad2ef\" data-element_type=\"column\" data-e-type=\"column\" data-settings=\"{&quot;background_background&quot;:&quot;classic&quot;}\">\n\t\t\t<div class=\"elementor-widget-wrap\">\n\t\t\t\t\t\t\t<\/div>\n\t\t<\/div>\n\t\t\t\t<div class=\"elementor-column elementor-col-50 elementor-top-column elementor-element elementor-element-be91149\" data-id=\"be91149\" data-element_type=\"column\" data-e-type=\"column\">\n\t\t\t<div class=\"elementor-widget-wrap elementor-element-populated\">\n\t\t\t\t\t\t<div class=\"elementor-element elementor-element-eeb99b4 blue-text elementor-widget elementor-widget-text-editor\" data-id=\"eeb99b4\" data-element_type=\"widget\" data-e-type=\"widget\" data-widget_type=\"text-editor.default\">\n\t\t\t\t<div class=\"elementor-widget-container\">\n\t\t\t\t\t\t\t\t\t<h2>Comment g\u00e9rer les urgences dentaires en attendant son rendez-vous\u2009?<\/h2>\t\t\t\t\t\t\t\t<\/div>\n\t\t\t\t<\/div>\n\t\t\t\t<div class=\"elementor-element elementor-element-2a235cf beige-bar elementor-widget-divider--view-line elementor-widget elementor-widget-divider\" data-id=\"2a235cf\" data-element_type=\"widget\" data-e-type=\"widget\" data-widget_type=\"divider.default\">\n\t\t\t\t<div class=\"elementor-widget-container\">\n\t\t\t\t\t\t\t<div class=\"elementor-divider\">\n\t\t\t<span class=\"elementor-divider-separator\">\n\t\t\t\t\t\t<\/span>\n\t\t<\/div>\n\t\t\t\t\t\t<\/div>\n\t\t\t\t<\/div>\n\t\t\t\t<div class=\"elementor-element elementor-element-26e38fc elementor-widget elementor-widget-text-editor\" data-id=\"26e38fc\" data-element_type=\"widget\" data-e-type=\"widget\" data-widget_type=\"text-editor.default\">\n\t\t\t\t<div class=\"elementor-widget-container\">\n\t\t\t\t\t\t\t\t\t<p>En cas de rage de dents ou d\u2019urgence dentaire, sachez que vous pouvez d\u00e9j\u00e0 vous soulager en attendant d\u2019\u00eatre pris en charge par un dentiste d\u2019urgence.<\/p><h3 style=\"text-align: left;\"><span style=\"color: #000000;\">Calmer une rage de dents<\/span><\/h3><p style=\"text-align: left;\">Pour apaiser la douleur dentaire, il est g\u00e9n\u00e9ralement recommand\u00e9 de prendre un m\u00e9dicament analg\u00e9sique en vente libre tel que l\u2019ibuprof\u00e8ne (Advil, Motrin) ou l\u2019ac\u00e9taminoph\u00e8ne (Tylenol). En cas de doute, n\u2019h\u00e9sitez pas \u00e0 consulter votre pharmacien. Vous pouvez aussi appliquer une poche de glace froide sur la zone enflamm\u00e9e.<\/p><h3 style=\"text-align: left;\"><span style=\"color: #000000;\">Freiner les saignements<\/span><\/h3><p style=\"text-align: left;\">En cas de saignement, restez calme et limitez les efforts physiques. Premi\u00e8rement, rincez-vous la bouche \u00e0 l\u2019eau et maintenez une pression ferme \u00e0 l\u2019aide d\u2019une compresse st\u00e9rile et votre m\u00e2choire sur votre plaie pendant environ 20\u00a0minutes. Prenez soin de toujours garder la t\u00eate \u00e9lev\u00e9e, les saignements devraient quant \u00e0 eux diminuer.<\/p>\t\t\t\t\t\t\t\t<\/div>\n\t\t\t\t<\/div>\n\t\t\t\t<div class=\"elementor-element elementor-element-e190e3d btn-container btn-container--blue elementor-align-center elementor-widget elementor-widget-button\" data-id=\"e190e3d\" data-element_type=\"widget\" data-e-type=\"widget\" data-widget_type=\"button.default\">\n\t\t\t\t<div class=\"elementor-widget-container\">\n\t\t\t\t\t\t\t\t\t<div class=\"elementor-button-wrapper\">\n\t\t\t\t\t<a class=\"elementor-button elementor-button-link elementor-size-sm\" href=\"https:\/\/cliniquedentaire1935.ca\/fr\/nous-joindre\/\">\n\t\t\t\t\t\t<span class=\"elementor-button-content-wrapper\">\n\t\t\t\t\t\t\t\t\t<span class=\"elementor-button-text\">Contactez-nous<\/span>\n\t\t\t\t\t<\/span>\n\t\t\t\t\t<\/a>\n\t\t\t\t<\/div>\n\t\t\t\t\t\t\t\t<\/div>\n\t\t\t\t<\/div>\n\t\t\t\t\t<\/div>\n\t\t<\/div>\n\t\t\t\t\t<\/div>\n\t\t<\/section>\n\t\t\t\t<\/div>\n\t\t","protected":false},"excerpt":{"rendered":"<p>Clinique Dentaire\u00a01935\u00a0: votre clinique dentaire d\u2019urgence \u00e0 Montr\u00e9al Prise de rendez-vous Rage dentaire, abc\u00e8s, pulpite, infection dentaire, dent cass\u00e9e, etc. Il n\u2019est pas toujours possible de pr\u00e9voir une urgence dentaire. Les sensibilit\u00e9s dentaires ne sont pas \u00e0 prendre \u00e0 la l\u00e9g\u00e8re. Ainsi, si vous ressentez une g\u00eane ou que vous vous trouvez dans une situation [&hellip;]<\/p>\n","protected":false},"author":1,"featured_media":0,"parent":0,"menu_order":0,"comment_status":"closed","ping_status":"closed","template":"","meta":{"_acf_changed":false,"footnotes":""},"class_list":["post-78","page","type-page","status-publish","hentry"],"acf":[],"yoast_head":"<!-- This site is optimized with the Yoast SEO plugin v26.9 - https:\/\/yoast.com\/product\/yoast-seo-wordpress\/ -->\n<title>Service d\u2019urgence dentaire \u00e0 Montr\u00e9al | Clinique Dentaire\u00a01935<\/title>\n<meta name=\"description\" content=\"Besoin d\u2019un service d\u2019urgence dentaire \u00e0 Montr\u00e9al\u2009? La Clinique Dentaire\u00a01935 adapte ses plages horaires pour prendre en charge les cas d\u2019urgence.\" \/>\n<meta name=\"robots\" content=\"index, follow, max-snippet:-1, max-image-preview:large, max-video-preview:-1\" \/>\n<link rel=\"canonical\" href=\"https:\/\/cliniquedentaire1935.ca\/fr\/urgences-dentaires\/\" \/>\n<meta property=\"og:locale\" content=\"fr_FR\" \/>\n<meta property=\"og:type\" content=\"article\" \/>\n<meta property=\"og:title\" content=\"Service d\u2019urgence dentaire \u00e0 Montr\u00e9al | Clinique Dentaire\u00a01935\" \/>\n<meta property=\"og:description\" content=\"Besoin d\u2019un service d\u2019urgence dentaire \u00e0 Montr\u00e9al\u2009? La Clinique Dentaire\u00a01935 adapte ses plages horaires pour prendre en charge les cas d\u2019urgence.\" \/>\n<meta property=\"og:url\" content=\"https:\/\/cliniquedentaire1935.ca\/fr\/urgences-dentaires\/\" \/>\n<meta property=\"og:site_name\" content=\"Clinique Dentaire 1935\" \/>\n<meta property=\"article:modified_time\" content=\"2023-12-11T21:19:51+00:00\" \/>\n<meta name=\"twitter:card\" content=\"summary_large_image\" \/>\n<meta name=\"twitter:label1\" content=\"Est. reading time\" \/>\n\t<meta name=\"twitter:data1\" content=\"2 minutes\" \/>\n<!-- \/ Yoast SEO plugin. -->","yoast_head_json":{"title":"Service d\u2019urgence dentaire \u00e0 Montr\u00e9al | Clinique Dentaire\u00a01935","description":"Besoin d\u2019un service d\u2019urgence dentaire \u00e0 Montr\u00e9al\u2009? La Clinique Dentaire\u00a01935 adapte ses plages horaires pour prendre en charge les cas d\u2019urgence.","robots":{"index":"index","follow":"follow","max-snippet":"max-snippet:-1","max-image-preview":"max-image-preview:large","max-video-preview":"max-video-preview:-1"},"canonical":"https:\/\/cliniquedentaire1935.ca\/fr\/urgences-dentaires\/","og_locale":"fr_FR","og_type":"article","og_title":"Service d\u2019urgence dentaire \u00e0 Montr\u00e9al | Clinique Dentaire\u00a01935","og_description":"Besoin d\u2019un service d\u2019urgence dentaire \u00e0 Montr\u00e9al\u2009? La Clinique Dentaire\u00a01935 adapte ses plages horaires pour prendre en charge les cas d\u2019urgence.","og_url":"https:\/\/cliniquedentaire1935.ca\/fr\/urgences-dentaires\/","og_site_name":"Clinique Dentaire 1935","article_modified_time":"2023-12-11T21:19:51+00:00","twitter_card":"summary_large_image","twitter_misc":{"Est. reading time":"2 minutes"},"schema":{"@context":"https:\/\/schema.org","@graph":[{"@type":"WebPage","@id":"https:\/\/cliniquedentaire1935.ca\/fr\/urgences-dentaires\/","url":"https:\/\/cliniquedentaire1935.ca\/fr\/urgences-dentaires\/","name":"Service d\u2019urgence dentaire \u00e0 Montr\u00e9al | Clinique Dentaire\u00a01935","isPartOf":{"@id":"https:\/\/cliniquedentaire1935.ca\/fr\/#website"},"datePublished":"2022-08-22T16:23:58+00:00","dateModified":"2023-12-11T21:19:51+00:00","description":"Besoin d\u2019un service d\u2019urgence dentaire \u00e0 Montr\u00e9al\u2009? La Clinique Dentaire\u00a01935 adapte ses plages horaires pour prendre en charge les cas d\u2019urgence.","breadcrumb":{"@id":"https:\/\/cliniquedentaire1935.ca\/fr\/urgences-dentaires\/#breadcrumb"},"inLanguage":"fr-ca","potentialAction":[{"@type":"ReadAction","target":["https:\/\/cliniquedentaire1935.ca\/fr\/urgences-dentaires\/"]}]},{"@type":"BreadcrumbList","@id":"https:\/\/cliniquedentaire1935.ca\/fr\/urgences-dentaires\/#breadcrumb","itemListElement":[{"@type":"ListItem","position":1,"name":"Clinique dentaire Montr\u00e9al","item":"https:\/\/cliniquedentaire1935.ca\/fr\/"},{"@type":"ListItem","position":2,"name":"Urgences dentaires"}]},{"@type":"WebSite","@id":"https:\/\/cliniquedentaire1935.ca\/fr\/#website","url":"https:\/\/cliniquedentaire1935.ca\/fr\/","name":"Clinique Dentaire 1935","description":"Clinique Dentaire 1935","potentialAction":[{"@type":"SearchAction","target":{"@type":"EntryPoint","urlTemplate":"https:\/\/cliniquedentaire1935.ca\/fr\/?s={search_term_string}"},"query-input":{"@type":"PropertyValueSpecification","valueRequired":true,"valueName":"search_term_string"}}],"inLanguage":"fr-ca"}]}},"_links":{"self":[{"href":"https:\/\/cliniquedentaire1935.ca\/fr\/wp-json\/wp\/v2\/pages\/78","targetHints":{"allow":["GET"]}}],"collection":[{"href":"https:\/\/cliniquedentaire1935.ca\/fr\/wp-json\/wp\/v2\/pages"}],"about":[{"href":"https:\/\/cliniquedentaire1935.ca\/fr\/wp-json\/wp\/v2\/types\/page"}],"author":[{"embeddable":true,"href":"https:\/\/cliniquedentaire1935.ca\/fr\/wp-json\/wp\/v2\/users\/1"}],"replies":[{"embeddable":true,"href":"https:\/\/cliniquedentaire1935.ca\/fr\/wp-json\/wp\/v2\/comments?post=78"}],"version-history":[{"count":43,"href":"https:\/\/cliniquedentaire1935.ca\/fr\/wp-json\/wp\/v2\/pages\/78\/revisions"}],"predecessor-version":[{"id":13353,"href":"https:\/\/cliniquedentaire1935.ca\/fr\/wp-json\/wp\/v2\/pages\/78\/revisions\/13353"}],"wp:attachment":[{"href":"https:\/\/cliniquedentaire1935.ca\/fr\/wp-json\/wp\/v2\/media?parent=78"}],"curies":[{"name":"wp","href":"https:\/\/api.w.org\/{rel}","templated":true}]}}