{"id":13983,"date":"2024-12-04T13:40:31","date_gmt":"2024-12-04T18:40:31","guid":{"rendered":"https:\/\/cliniquedentaire1935.ca\/?page_id=13983"},"modified":"2024-12-06T11:02:38","modified_gmt":"2024-12-06T16:02:38","slug":"rcsd","status":"publish","type":"page","link":"https:\/\/cliniquedentaire1935.ca\/fr\/rcsd\/","title":{"rendered":"RCSD"},"content":{"rendered":"\t\t<div data-elementor-type=\"wp-post\" data-elementor-id=\"13983\" class=\"elementor elementor-13983\">\n\t\t\t\t\t\t<section class=\"elementor-section elementor-top-section elementor-element elementor-element-9cb5963 header-section elementor-section-stretched elementor-section-boxed elementor-section-height-default elementor-section-height-default\" data-id=\"9cb5963\" data-element_type=\"section\" data-e-type=\"section\" data-settings=\"{&quot;jet_parallax_layout_list&quot;:[{&quot;jet_parallax_layout_image&quot;:{&quot;url&quot;:&quot;&quot;,&quot;id&quot;:&quot;&quot;,&quot;size&quot;:&quot;&quot;},&quot;_id&quot;:&quot;eb59214&quot;,&quot;jet_parallax_layout_image_tablet&quot;:{&quot;url&quot;:&quot;&quot;,&quot;id&quot;:&quot;&quot;,&quot;size&quot;:&quot;&quot;},&quot;jet_parallax_layout_image_mobile&quot;:{&quot;url&quot;:&quot;&quot;,&quot;id&quot;:&quot;&quot;,&quot;size&quot;:&quot;&quot;},&quot;jet_parallax_layout_speed&quot;:{&quot;unit&quot;:&quot;%&quot;,&quot;size&quot;:50,&quot;sizes&quot;:[]},&quot;jet_parallax_layout_type&quot;:&quot;scroll&quot;,&quot;jet_parallax_layout_direction&quot;:&quot;1&quot;,&quot;jet_parallax_layout_fx_direction&quot;:null,&quot;jet_parallax_layout_z_index&quot;:&quot;&quot;,&quot;jet_parallax_layout_bg_x&quot;:50,&quot;jet_parallax_layout_bg_x_tablet&quot;:&quot;&quot;,&quot;jet_parallax_layout_bg_x_mobile&quot;:&quot;&quot;,&quot;jet_parallax_layout_bg_y&quot;:50,&quot;jet_parallax_layout_bg_y_tablet&quot;:&quot;&quot;,&quot;jet_parallax_layout_bg_y_mobile&quot;:&quot;&quot;,&quot;jet_parallax_layout_bg_size&quot;:&quot;auto&quot;,&quot;jet_parallax_layout_bg_size_tablet&quot;:&quot;&quot;,&quot;jet_parallax_layout_bg_size_mobile&quot;:&quot;&quot;,&quot;jet_parallax_layout_animation_prop&quot;:&quot;transform&quot;,&quot;jet_parallax_layout_on&quot;:[&quot;desktop&quot;,&quot;tablet&quot;]}],&quot;background_background&quot;:&quot;classic&quot;,&quot;stretch_section&quot;:&quot;section-stretched&quot;}\">\n\t\t\t\t\t\t<div class=\"elementor-container elementor-column-gap-default\">\n\t\t\t\t\t<div class=\"elementor-column elementor-col-100 elementor-top-column elementor-element elementor-element-dc7e145\" data-id=\"dc7e145\" data-element_type=\"column\" data-e-type=\"column\">\n\t\t\t<div class=\"elementor-widget-wrap elementor-element-populated\">\n\t\t\t\t\t\t<div class=\"elementor-element elementor-element-3b3beef elementor-widget elementor-widget-text-editor\" data-id=\"3b3beef\" data-element_type=\"widget\" data-e-type=\"widget\" data-widget_type=\"text-editor.default\">\n\t\t\t\t<div class=\"elementor-widget-container\">\n\t\t\t\t\t\t\t\t\t<h1>Le R\u00e9gime Canadien de Soins Dentaires (RCSD)<\/h1>\t\t\t\t\t\t\t\t<\/div>\n\t\t\t\t<\/div>\n\t\t\t\t<div class=\"elementor-element elementor-element-6737898 btn-container btn-container--blue elementor-align-left elementor-widget elementor-widget-button\" data-id=\"6737898\" data-element_type=\"widget\" data-e-type=\"widget\" data-widget_type=\"button.default\">\n\t\t\t\t<div class=\"elementor-widget-container\">\n\t\t\t\t\t\t\t\t\t<div class=\"elementor-button-wrapper\">\n\t\t\t\t\t<a class=\"elementor-button elementor-button-link elementor-size-sm\" href=\"https:\/\/cliniquedentaire1935.ca\/fr\/nous-joindre\/\">\n\t\t\t\t\t\t<span class=\"elementor-button-content-wrapper\">\n\t\t\t\t\t\t\t\t\t<span class=\"elementor-button-text\">Prise de rendez-vous<\/span>\n\t\t\t\t\t<\/span>\n\t\t\t\t\t<\/a>\n\t\t\t\t<\/div>\n\t\t\t\t\t\t\t\t<\/div>\n\t\t\t\t<\/div>\n\t\t\t\t\t<\/div>\n\t\t<\/div>\n\t\t\t\t\t<\/div>\n\t\t<\/section>\n\t\t\t\t<section class=\"elementor-section elementor-top-section elementor-element elementor-element-491ee72 row-padding elementor-section-stretched elementor-section-boxed elementor-section-height-default elementor-section-height-default\" data-id=\"491ee72\" data-element_type=\"section\" data-e-type=\"section\" data-settings=\"{&quot;jet_parallax_layout_list&quot;:[{&quot;jet_parallax_layout_image&quot;:{&quot;url&quot;:&quot;&quot;,&quot;id&quot;:&quot;&quot;,&quot;size&quot;:&quot;&quot;},&quot;_id&quot;:&quot;5a04a9a&quot;,&quot;jet_parallax_layout_image_tablet&quot;:{&quot;url&quot;:&quot;&quot;,&quot;id&quot;:&quot;&quot;,&quot;size&quot;:&quot;&quot;},&quot;jet_parallax_layout_image_mobile&quot;:{&quot;url&quot;:&quot;&quot;,&quot;id&quot;:&quot;&quot;,&quot;size&quot;:&quot;&quot;},&quot;jet_parallax_layout_speed&quot;:{&quot;unit&quot;:&quot;%&quot;,&quot;size&quot;:50,&quot;sizes&quot;:[]},&quot;jet_parallax_layout_type&quot;:&quot;scroll&quot;,&quot;jet_parallax_layout_direction&quot;:&quot;1&quot;,&quot;jet_parallax_layout_fx_direction&quot;:null,&quot;jet_parallax_layout_z_index&quot;:&quot;&quot;,&quot;jet_parallax_layout_bg_x&quot;:50,&quot;jet_parallax_layout_bg_x_tablet&quot;:&quot;&quot;,&quot;jet_parallax_layout_bg_x_mobile&quot;:&quot;&quot;,&quot;jet_parallax_layout_bg_y&quot;:50,&quot;jet_parallax_layout_bg_y_tablet&quot;:&quot;&quot;,&quot;jet_parallax_layout_bg_y_mobile&quot;:&quot;&quot;,&quot;jet_parallax_layout_bg_size&quot;:&quot;auto&quot;,&quot;jet_parallax_layout_bg_size_tablet&quot;:&quot;&quot;,&quot;jet_parallax_layout_bg_size_mobile&quot;:&quot;&quot;,&quot;jet_parallax_layout_animation_prop&quot;:&quot;transform&quot;,&quot;jet_parallax_layout_on&quot;:[&quot;desktop&quot;,&quot;tablet&quot;]}],&quot;background_background&quot;:&quot;classic&quot;,&quot;stretch_section&quot;:&quot;section-stretched&quot;}\">\n\t\t\t\t\t\t<div class=\"elementor-container elementor-column-gap-wider\">\n\t\t\t\t\t<div class=\"elementor-column elementor-col-50 elementor-top-column elementor-element elementor-element-5ce1e5e\" data-id=\"5ce1e5e\" data-element_type=\"column\" data-e-type=\"column\">\n\t\t\t<div class=\"elementor-widget-wrap elementor-element-populated\">\n\t\t\t\t\t\t<div class=\"elementor-element elementor-element-a9d40f7 image-blue-bg-effect elementor-widget elementor-widget-image\" data-id=\"a9d40f7\" data-element_type=\"widget\" data-e-type=\"widget\" data-widget_type=\"image.default\">\n\t\t\t\t<div class=\"elementor-widget-container\">\n\t\t\t\t\t\t\t\t\t\t\t\t\t\t\t<img fetchpriority=\"high\" decoding=\"async\" width=\"751\" height=\"505\" src=\"https:\/\/cliniquedentaire1935.ca\/wp-content\/uploads\/2019\/05\/img-intro-la-clinique.jpg\" class=\"attachment-medium_large size-medium_large wp-image-178\" alt=\"Sp\u00e9cialistes bucco-dentaires \u00e0 Montr\u00e9al\" srcset=\"https:\/\/cliniquedentaire1935.ca\/wp-content\/uploads\/2019\/05\/img-intro-la-clinique.jpg 751w, https:\/\/cliniquedentaire1935.ca\/wp-content\/uploads\/2019\/05\/img-intro-la-clinique-300x202.jpg 300w\" sizes=\"(max-width: 751px) 100vw, 751px\" \/>\t\t\t\t\t\t\t\t\t\t\t\t\t\t\t<\/div>\n\t\t\t\t<\/div>\n\t\t\t\t\t<\/div>\n\t\t<\/div>\n\t\t\t\t<div class=\"elementor-column elementor-col-50 elementor-top-column elementor-element elementor-element-f033cc0\" data-id=\"f033cc0\" data-element_type=\"column\" data-e-type=\"column\">\n\t\t\t<div class=\"elementor-widget-wrap elementor-element-populated\">\n\t\t\t\t\t\t<div class=\"elementor-element elementor-element-4af6e22 elementor-hidden-phone elementor-widget elementor-widget-spacer\" data-id=\"4af6e22\" data-element_type=\"widget\" data-e-type=\"widget\" data-widget_type=\"spacer.default\">\n\t\t\t\t<div class=\"elementor-widget-container\">\n\t\t\t\t\t\t\t<div class=\"elementor-spacer\">\n\t\t\t<div class=\"elementor-spacer-inner\"><\/div>\n\t\t<\/div>\n\t\t\t\t\t\t<\/div>\n\t\t\t\t<\/div>\n\t\t\t\t<div class=\"elementor-element elementor-element-68d829a elementor-widget elementor-widget-text-editor\" data-id=\"68d829a\" data-element_type=\"widget\" data-e-type=\"widget\" data-widget_type=\"text-editor.default\">\n\t\t\t\t<div class=\"elementor-widget-container\">\n\t\t\t\t\t\t\t\t\t<p>Le R\u00e9gime canadien de soins dentaires (RCSD), lanc\u00e9 en mai 2024, repr\u00e9sente une avanc\u00e9e majeure pour rendre les soins dentaires plus accessibles. La Clinique Dentaire 1935 soutient cette initiative et est pr\u00eate \u00e0 vous accompagner pour maximiser les avantages de ce programme.<\/p><p><strong>Les services couverts par le RCSD<\/strong><br \/>Le RCSD inclut une gamme de soins essentiels tels que :<\/p><ul><li>Examens buccodentaires et nettoyages.<\/li><li>Soins de restauration comme les plombages et traitements de canal.<\/li><li>Extractions dentaires et certaines interventions chirurgicales.<\/li><\/ul>\t\t\t\t\t\t\t\t<\/div>\n\t\t\t\t<\/div>\n\t\t\t\t<div class=\"elementor-element elementor-element-a6792b0 elementor-hidden-phone elementor-widget elementor-widget-spacer\" data-id=\"a6792b0\" data-element_type=\"widget\" data-e-type=\"widget\" data-widget_type=\"spacer.default\">\n\t\t\t\t<div class=\"elementor-widget-container\">\n\t\t\t\t\t\t\t<div class=\"elementor-spacer\">\n\t\t\t<div class=\"elementor-spacer-inner\"><\/div>\n\t\t<\/div>\n\t\t\t\t\t\t<\/div>\n\t\t\t\t<\/div>\n\t\t\t\t\t<\/div>\n\t\t<\/div>\n\t\t\t\t\t<\/div>\n\t\t<\/section>\n\t\t\t\t<section class=\"elementor-section elementor-top-section elementor-element elementor-element-27c355f elementor-section-stretched row-padding elementor-section-boxed elementor-section-height-default elementor-section-height-default\" data-id=\"27c355f\" data-element_type=\"section\" data-e-type=\"section\" data-settings=\"{&quot;stretch_section&quot;:&quot;section-stretched&quot;,&quot;jet_parallax_layout_list&quot;:[{&quot;jet_parallax_layout_image&quot;:{&quot;url&quot;:&quot;&quot;,&quot;id&quot;:&quot;&quot;,&quot;size&quot;:&quot;&quot;},&quot;_id&quot;:&quot;4233c64&quot;,&quot;jet_parallax_layout_image_tablet&quot;:{&quot;url&quot;:&quot;&quot;,&quot;id&quot;:&quot;&quot;,&quot;size&quot;:&quot;&quot;},&quot;jet_parallax_layout_image_mobile&quot;:{&quot;url&quot;:&quot;&quot;,&quot;id&quot;:&quot;&quot;,&quot;size&quot;:&quot;&quot;},&quot;jet_parallax_layout_speed&quot;:{&quot;unit&quot;:&quot;%&quot;,&quot;size&quot;:50,&quot;sizes&quot;:[]},&quot;jet_parallax_layout_type&quot;:&quot;scroll&quot;,&quot;jet_parallax_layout_direction&quot;:&quot;1&quot;,&quot;jet_parallax_layout_fx_direction&quot;:null,&quot;jet_parallax_layout_z_index&quot;:&quot;&quot;,&quot;jet_parallax_layout_bg_x&quot;:50,&quot;jet_parallax_layout_bg_x_tablet&quot;:&quot;&quot;,&quot;jet_parallax_layout_bg_x_mobile&quot;:&quot;&quot;,&quot;jet_parallax_layout_bg_y&quot;:50,&quot;jet_parallax_layout_bg_y_tablet&quot;:&quot;&quot;,&quot;jet_parallax_layout_bg_y_mobile&quot;:&quot;&quot;,&quot;jet_parallax_layout_bg_size&quot;:&quot;auto&quot;,&quot;jet_parallax_layout_bg_size_tablet&quot;:&quot;&quot;,&quot;jet_parallax_layout_bg_size_mobile&quot;:&quot;&quot;,&quot;jet_parallax_layout_animation_prop&quot;:&quot;transform&quot;,&quot;jet_parallax_layout_on&quot;:[&quot;desktop&quot;,&quot;tablet&quot;]}],&quot;background_background&quot;:&quot;classic&quot;}\">\n\t\t\t\t\t\t<div class=\"elementor-container elementor-column-gap-default\">\n\t\t\t\t\t<div class=\"elementor-column elementor-col-100 elementor-top-column elementor-element elementor-element-46393af\" data-id=\"46393af\" data-element_type=\"column\" data-e-type=\"column\">\n\t\t\t<div class=\"elementor-widget-wrap elementor-element-populated\">\n\t\t\t\t\t\t<div class=\"elementor-element elementor-element-112c45a blue-text elementor-widget elementor-widget-text-editor\" data-id=\"112c45a\" data-element_type=\"widget\" data-e-type=\"widget\" data-widget_type=\"text-editor.default\">\n\t\t\t\t<div class=\"elementor-widget-container\">\n\t\t\t\t\t\t\t\t\t<h2 style=\"text-align: center;\">Quelles sont les prestations non prise en charge par le RCSD ?<\/h2>\t\t\t\t\t\t\t\t<\/div>\n\t\t\t\t<\/div>\n\t\t\t\t<div class=\"elementor-element elementor-element-1b657c7 elementor-widget elementor-widget-text-editor\" data-id=\"1b657c7\" data-element_type=\"widget\" data-e-type=\"widget\" data-widget_type=\"text-editor.default\">\n\t\t\t\t<div class=\"elementor-widget-container\">\n\t\t\t\t\t\t\t\t\t<ul><li>Facettes en composite ou en c\u00e9ramique<\/li><li>Blanchiment des dents<\/li><li>Incrustations<\/li><li>Proth\u00e8ses fixes (ponts)<\/li><li>Appareils pour le bruxisme<\/li><li>Protecteur buccal<\/li><li>Implants et toutes proc\u00e9dures associ\u00e9es aux implants<\/li><li>Greffes osseuses<\/li><li>Proth\u00e8ses compl\u00e8tes\/partielles complexes<\/li><li>R\u00e9habilitations majeures<\/li><\/ul><p>\u00a0<\/p><h2 style=\"text-align: center;\"><strong>Comment vous pr\u00e9parer pour votre rendez-vous ?<br \/><br \/><\/strong><\/h2><ul><li>V\u00e9rifiez votre \u00e9ligibilit\u00e9 au RCSD.<\/li><li>Apportez votre carte RCSD et une pi\u00e8ce d\u2019identit\u00e9 valide.<\/li><li>Pr\u00e9parez-vous \u00e0 couvrir les frais non rembours\u00e9s par le programme.<br \/><br \/><\/li><\/ul><h2 style=\"text-align: center;\"><strong>Pourquoi choisir la Clinique Dentaire 1935 ?<\/strong><\/h2><p><br \/>Nous sommes fiers de proposer des soins dentaires d\u2019excellence tout en respectant les principes d\u2019\u00e9quit\u00e9 et de transparence. Nos tarifs sont les m\u00eames pour tous nos patients, et notre \u00e9quipe est disponible pour r\u00e9pondre \u00e0 vos questions concernant le RCSD.<\/p><p><br \/>La Clinique Dentaire 1935 est \u00e0 vos c\u00f4t\u00e9s pour simplifier votre exp\u00e9rience avec le RCSD et veiller \u00e0 votre sant\u00e9 buccodentaire. N\u2019h\u00e9sitez pas \u00e0 prendre rendez-vous ou \u00e0 nous contacter pour en savoir plus.<\/p>\t\t\t\t\t\t\t\t<\/div>\n\t\t\t\t<\/div>\n\t\t\t\t<div class=\"elementor-element elementor-element-9c379ea btn-container btn-container--blue elementor-align-center elementor-widget elementor-widget-button\" data-id=\"9c379ea\" data-element_type=\"widget\" data-e-type=\"widget\" data-widget_type=\"button.default\">\n\t\t\t\t<div class=\"elementor-widget-container\">\n\t\t\t\t\t\t\t\t\t<div class=\"elementor-button-wrapper\">\n\t\t\t\t\t<a class=\"elementor-button elementor-button-link elementor-size-sm\" href=\"https:\/\/cliniquedentaire1935.ca\/fr\/nous-joindre\/\">\n\t\t\t\t\t\t<span class=\"elementor-button-content-wrapper\">\n\t\t\t\t\t\t\t\t\t<span class=\"elementor-button-text\">Contactez-nous<\/span>\n\t\t\t\t\t<\/span>\n\t\t\t\t\t<\/a>\n\t\t\t\t<\/div>\n\t\t\t\t\t\t\t\t<\/div>\n\t\t\t\t<\/div>\n\t\t\t\t\t<\/div>\n\t\t<\/div>\n\t\t\t\t\t<\/div>\n\t\t<\/section>\n\t\t\t\t<section class=\"elementor-section elementor-top-section elementor-element elementor-element-7b754a7 elementor-section-stretched row-padding mobile-no-bg elementor-section-boxed elementor-section-height-default elementor-section-height-default\" data-id=\"7b754a7\" data-element_type=\"section\" data-e-type=\"section\" data-settings=\"{&quot;stretch_section&quot;:&quot;section-stretched&quot;,&quot;jet_parallax_layout_list&quot;:[{&quot;jet_parallax_layout_image&quot;:{&quot;url&quot;:&quot;&quot;,&quot;id&quot;:&quot;&quot;,&quot;size&quot;:&quot;&quot;},&quot;_id&quot;:&quot;147723a&quot;,&quot;jet_parallax_layout_image_tablet&quot;:{&quot;url&quot;:&quot;&quot;,&quot;id&quot;:&quot;&quot;,&quot;size&quot;:&quot;&quot;},&quot;jet_parallax_layout_image_mobile&quot;:{&quot;url&quot;:&quot;&quot;,&quot;id&quot;:&quot;&quot;,&quot;size&quot;:&quot;&quot;},&quot;jet_parallax_layout_speed&quot;:{&quot;unit&quot;:&quot;%&quot;,&quot;size&quot;:50,&quot;sizes&quot;:[]},&quot;jet_parallax_layout_type&quot;:&quot;scroll&quot;,&quot;jet_parallax_layout_direction&quot;:&quot;1&quot;,&quot;jet_parallax_layout_fx_direction&quot;:null,&quot;jet_parallax_layout_z_index&quot;:&quot;&quot;,&quot;jet_parallax_layout_bg_x&quot;:50,&quot;jet_parallax_layout_bg_x_tablet&quot;:&quot;&quot;,&quot;jet_parallax_layout_bg_x_mobile&quot;:&quot;&quot;,&quot;jet_parallax_layout_bg_y&quot;:50,&quot;jet_parallax_layout_bg_y_tablet&quot;:&quot;&quot;,&quot;jet_parallax_layout_bg_y_mobile&quot;:&quot;&quot;,&quot;jet_parallax_layout_bg_size&quot;:&quot;auto&quot;,&quot;jet_parallax_layout_bg_size_tablet&quot;:&quot;&quot;,&quot;jet_parallax_layout_bg_size_mobile&quot;:&quot;&quot;,&quot;jet_parallax_layout_animation_prop&quot;:&quot;transform&quot;,&quot;jet_parallax_layout_on&quot;:[&quot;desktop&quot;,&quot;tablet&quot;]}],&quot;background_background&quot;:&quot;classic&quot;}\">\n\t\t\t\t\t\t<div class=\"elementor-container elementor-column-gap-default\">\n\t\t\t\t\t<div class=\"elementor-column elementor-col-50 elementor-top-column elementor-element elementor-element-2038b95\" data-id=\"2038b95\" data-element_type=\"column\" data-e-type=\"column\">\n\t\t\t<div class=\"elementor-widget-wrap\">\n\t\t\t\t\t\t\t<\/div>\n\t\t<\/div>\n\t\t\t\t<div class=\"elementor-column elementor-col-50 elementor-top-column elementor-element elementor-element-b22d795\" data-id=\"b22d795\" data-element_type=\"column\" data-e-type=\"column\">\n\t\t\t<div class=\"elementor-widget-wrap elementor-element-populated\">\n\t\t\t\t\t\t<div class=\"elementor-element elementor-element-ceae4cb blue-text elementor-widget elementor-widget-text-editor\" data-id=\"ceae4cb\" data-element_type=\"widget\" data-e-type=\"widget\" data-widget_type=\"text-editor.default\">\n\t\t\t\t<div class=\"elementor-widget-container\">\n\t\t\t\t\t\t\t\t\t<h2>Faire confiance aux dentistes de la Clinique Dentaire\u00a01935 de Montr\u00e9al<\/h2>\t\t\t\t\t\t\t\t<\/div>\n\t\t\t\t<\/div>\n\t\t\t\t<div class=\"elementor-element elementor-element-d97bab4 beige-bar elementor-widget-divider--view-line elementor-widget elementor-widget-divider\" data-id=\"d97bab4\" data-element_type=\"widget\" data-e-type=\"widget\" data-widget_type=\"divider.default\">\n\t\t\t\t<div class=\"elementor-widget-container\">\n\t\t\t\t\t\t\t<div class=\"elementor-divider\">\n\t\t\t<span class=\"elementor-divider-separator\">\n\t\t\t\t\t\t<\/span>\n\t\t<\/div>\n\t\t\t\t\t\t<\/div>\n\t\t\t\t<\/div>\n\t\t\t\t<div class=\"elementor-element elementor-element-d59fb78 elementor-widget elementor-widget-text-editor\" data-id=\"d59fb78\" data-element_type=\"widget\" data-e-type=\"widget\" data-widget_type=\"text-editor.default\">\n\t\t\t\t<div class=\"elementor-widget-container\">\n\t\t\t\t\t\t\t\t\t<p>Que ce soit pour un simple suivi, pour un nettoyage et un d\u00e9tartrage dentaire, pour une intervention d\u2019urgence ou pour un probl\u00e8me esth\u00e9tique, n\u2019h\u00e9sitez pas \u00e0\u00a0nous consulter. Notre clinique dentaire propose des soins de dentisterie g\u00e9n\u00e9rale de grande qualit\u00e9.<\/p><p>Toujours \u00e0 l\u2019\u00e9coute de vos attentes et soucieux de votre confort,\u00a0nos praticiens\u00a0exercent l\u2019art dentaire avec grands soin, respect et douceur.<\/p><p><strong>BIENVENUE AUX NOUVEAUX PATIENTS!<\/strong><\/p>\t\t\t\t\t\t\t\t<\/div>\n\t\t\t\t<\/div>\n\t\t\t\t<div class=\"elementor-element elementor-element-8de0350 btn-container btn-container--blue elementor-widget elementor-widget-button\" data-id=\"8de0350\" data-element_type=\"widget\" data-e-type=\"widget\" data-widget_type=\"button.default\">\n\t\t\t\t<div class=\"elementor-widget-container\">\n\t\t\t\t\t\t\t\t\t<div class=\"elementor-button-wrapper\">\n\t\t\t\t\t<a class=\"elementor-button elementor-button-link elementor-size-sm\" href=\"https:\/\/cliniquedentaire1935.ca\/fr\/nous-joindre\/\">\n\t\t\t\t\t\t<span class=\"elementor-button-content-wrapper\">\n\t\t\t\t\t\t\t\t\t<span class=\"elementor-button-text\">Contactez-nous<\/span>\n\t\t\t\t\t<\/span>\n\t\t\t\t\t<\/a>\n\t\t\t\t<\/div>\n\t\t\t\t\t\t\t\t<\/div>\n\t\t\t\t<\/div>\n\t\t\t\t\t<\/div>\n\t\t<\/div>\n\t\t\t\t\t<\/div>\n\t\t<\/section>\n\t\t\t\t<\/div>\n\t\t","protected":false},"excerpt":{"rendered":"<p>Le R\u00e9gime Canadien de Soins Dentaires (RCSD) Prise de rendez-vous Le R\u00e9gime canadien de soins dentaires (RCSD), lanc\u00e9 en mai 2024, repr\u00e9sente une avanc\u00e9e majeure pour rendre les soins dentaires plus accessibles. La Clinique Dentaire 1935 soutient cette initiative et est pr\u00eate \u00e0 vous accompagner pour maximiser les avantages de ce programme. Les services couverts [&hellip;]<\/p>\n","protected":false},"author":1,"featured_media":0,"parent":0,"menu_order":0,"comment_status":"closed","ping_status":"closed","template":"","meta":{"_acf_changed":false,"footnotes":""},"class_list":["post-13983","page","type-page","status-publish","hentry"],"acf":[],"yoast_head":"<!-- This site is optimized with the Yoast SEO plugin v26.9 - https:\/\/yoast.com\/product\/yoast-seo-wordpress\/ -->\n<title>R\u00e9gime canadien de soins dentaires (RCSD) | Clinique Dentaire\u00a01935<\/title>\n<meta name=\"description\" content=\"Profitez des avantages du R\u00e9gime canadien de soins dentaires (RCSD) avec la Clinique Dentaire 1935. Apprenez-en plus sur les soins couverts et comment vous pr\u00e9parer \u00e0 votre visite.\" \/>\n<meta name=\"robots\" content=\"index, follow, max-snippet:-1, max-image-preview:large, max-video-preview:-1\" \/>\n<link rel=\"canonical\" href=\"https:\/\/cliniquedentaire1935.ca\/fr\/rcsd\/\" \/>\n<meta property=\"og:locale\" content=\"fr_FR\" \/>\n<meta property=\"og:type\" content=\"article\" \/>\n<meta property=\"og:title\" content=\"R\u00e9gime canadien de soins dentaires (RCSD) | Clinique Dentaire\u00a01935\" \/>\n<meta property=\"og:description\" content=\"Profitez des avantages du R\u00e9gime canadien de soins dentaires (RCSD) avec la Clinique Dentaire 1935. Apprenez-en plus sur les soins couverts et comment vous pr\u00e9parer \u00e0 votre visite.\" \/>\n<meta property=\"og:url\" content=\"https:\/\/cliniquedentaire1935.ca\/fr\/rcsd\/\" \/>\n<meta property=\"og:site_name\" content=\"Clinique Dentaire 1935\" \/>\n<meta property=\"article:modified_time\" content=\"2024-12-06T16:02:38+00:00\" \/>\n<meta property=\"og:image\" content=\"https:\/\/cliniquedentaire1935.ca\/wp-content\/uploads\/2019\/05\/img-intro-la-clinique.jpg\" \/>\n\t<meta property=\"og:image:width\" content=\"751\" \/>\n\t<meta property=\"og:image:height\" content=\"505\" \/>\n\t<meta property=\"og:image:type\" content=\"image\/jpeg\" \/>\n<meta name=\"twitter:card\" content=\"summary_large_image\" \/>\n<meta name=\"twitter:label1\" content=\"Est. reading time\" \/>\n\t<meta name=\"twitter:data1\" content=\"2 minutes\" \/>\n<!-- \/ Yoast SEO plugin. -->","yoast_head_json":{"title":"R\u00e9gime canadien de soins dentaires (RCSD) | Clinique Dentaire\u00a01935","description":"Profitez des avantages du R\u00e9gime canadien de soins dentaires (RCSD) avec la Clinique Dentaire 1935. Apprenez-en plus sur les soins couverts et comment vous pr\u00e9parer \u00e0 votre visite.","robots":{"index":"index","follow":"follow","max-snippet":"max-snippet:-1","max-image-preview":"max-image-preview:large","max-video-preview":"max-video-preview:-1"},"canonical":"https:\/\/cliniquedentaire1935.ca\/fr\/rcsd\/","og_locale":"fr_FR","og_type":"article","og_title":"R\u00e9gime canadien de soins dentaires (RCSD) | Clinique Dentaire\u00a01935","og_description":"Profitez des avantages du R\u00e9gime canadien de soins dentaires (RCSD) avec la Clinique Dentaire 1935. Apprenez-en plus sur les soins couverts et comment vous pr\u00e9parer \u00e0 votre visite.","og_url":"https:\/\/cliniquedentaire1935.ca\/fr\/rcsd\/","og_site_name":"Clinique Dentaire 1935","article_modified_time":"2024-12-06T16:02:38+00:00","og_image":[{"width":751,"height":505,"url":"https:\/\/cliniquedentaire1935.ca\/wp-content\/uploads\/2019\/05\/img-intro-la-clinique.jpg","type":"image\/jpeg"}],"twitter_card":"summary_large_image","twitter_misc":{"Est. reading time":"2 minutes"},"schema":{"@context":"https:\/\/schema.org","@graph":[{"@type":"WebPage","@id":"https:\/\/cliniquedentaire1935.ca\/fr\/rcsd\/","url":"https:\/\/cliniquedentaire1935.ca\/fr\/rcsd\/","name":"R\u00e9gime canadien de soins dentaires (RCSD) | Clinique Dentaire\u00a01935","isPartOf":{"@id":"https:\/\/cliniquedentaire1935.ca\/fr\/#website"},"primaryImageOfPage":{"@id":"https:\/\/cliniquedentaire1935.ca\/fr\/rcsd\/#primaryimage"},"image":{"@id":"https:\/\/cliniquedentaire1935.ca\/fr\/rcsd\/#primaryimage"},"thumbnailUrl":"https:\/\/cliniquedentaire1935.ca\/wp-content\/uploads\/2019\/05\/img-intro-la-clinique.jpg","datePublished":"2024-12-04T18:40:31+00:00","dateModified":"2024-12-06T16:02:38+00:00","description":"Profitez des avantages du R\u00e9gime canadien de soins dentaires (RCSD) avec la Clinique Dentaire 1935. Apprenez-en plus sur les soins couverts et comment vous pr\u00e9parer \u00e0 votre visite.","breadcrumb":{"@id":"https:\/\/cliniquedentaire1935.ca\/fr\/rcsd\/#breadcrumb"},"inLanguage":"fr-ca","potentialAction":[{"@type":"ReadAction","target":["https:\/\/cliniquedentaire1935.ca\/fr\/rcsd\/"]}]},{"@type":"ImageObject","inLanguage":"fr-ca","@id":"https:\/\/cliniquedentaire1935.ca\/fr\/rcsd\/#primaryimage","url":"https:\/\/cliniquedentaire1935.ca\/wp-content\/uploads\/2019\/05\/img-intro-la-clinique.jpg","contentUrl":"https:\/\/cliniquedentaire1935.ca\/wp-content\/uploads\/2019\/05\/img-intro-la-clinique.jpg"},{"@type":"BreadcrumbList","@id":"https:\/\/cliniquedentaire1935.ca\/fr\/rcsd\/#breadcrumb","itemListElement":[{"@type":"ListItem","position":1,"name":"Clinique dentaire Montr\u00e9al","item":"https:\/\/cliniquedentaire1935.ca\/fr\/"},{"@type":"ListItem","position":2,"name":"RCSD"}]},{"@type":"WebSite","@id":"https:\/\/cliniquedentaire1935.ca\/fr\/#website","url":"https:\/\/cliniquedentaire1935.ca\/fr\/","name":"Clinique Dentaire 1935","description":"Clinique Dentaire 1935","potentialAction":[{"@type":"SearchAction","target":{"@type":"EntryPoint","urlTemplate":"https:\/\/cliniquedentaire1935.ca\/fr\/?s={search_term_string}"},"query-input":{"@type":"PropertyValueSpecification","valueRequired":true,"valueName":"search_term_string"}}],"inLanguage":"fr-ca"}]}},"_links":{"self":[{"href":"https:\/\/cliniquedentaire1935.ca\/fr\/wp-json\/wp\/v2\/pages\/13983","targetHints":{"allow":["GET"]}}],"collection":[{"href":"https:\/\/cliniquedentaire1935.ca\/fr\/wp-json\/wp\/v2\/pages"}],"about":[{"href":"https:\/\/cliniquedentaire1935.ca\/fr\/wp-json\/wp\/v2\/types\/page"}],"author":[{"embeddable":true,"href":"https:\/\/cliniquedentaire1935.ca\/fr\/wp-json\/wp\/v2\/users\/1"}],"replies":[{"embeddable":true,"href":"https:\/\/cliniquedentaire1935.ca\/fr\/wp-json\/wp\/v2\/comments?post=13983"}],"version-history":[{"count":7,"href":"https:\/\/cliniquedentaire1935.ca\/fr\/wp-json\/wp\/v2\/pages\/13983\/revisions"}],"predecessor-version":[{"id":14001,"href":"https:\/\/cliniquedentaire1935.ca\/fr\/wp-json\/wp\/v2\/pages\/13983\/revisions\/14001"}],"wp:attachment":[{"href":"https:\/\/cliniquedentaire1935.ca\/fr\/wp-json\/wp\/v2\/media?parent=13983"}],"curies":[{"name":"wp","href":"https:\/\/api.w.org\/{rel}","templated":true}]}}