{"id":13403,"date":"2023-12-15T14:53:24","date_gmt":"2023-12-15T19:53:24","guid":{"rendered":"https:\/\/cliniquedentaire1935.ca\/?page_id=13403"},"modified":"2023-12-15T14:57:26","modified_gmt":"2023-12-15T19:57:26","slug":"dentiste-montreal-est","status":"publish","type":"page","link":"https:\/\/cliniquedentaire1935.ca\/fr\/dentiste-montreal-est\/","title":{"rendered":"Dentiste Montr\u00e9al Est"},"content":{"rendered":"\t\t<div data-elementor-type=\"wp-post\" data-elementor-id=\"13403\" class=\"elementor elementor-13403\">\n\t\t\t\t\t\t<section class=\"elementor-section elementor-top-section elementor-element elementor-element-1f61d1f header-section elementor-section-stretched elementor-section-boxed elementor-section-height-default elementor-section-height-default\" data-id=\"1f61d1f\" data-element_type=\"section\" data-e-type=\"section\" data-settings=\"{&quot;jet_parallax_layout_list&quot;:[{&quot;jet_parallax_layout_image&quot;:{&quot;url&quot;:&quot;&quot;,&quot;id&quot;:&quot;&quot;,&quot;size&quot;:&quot;&quot;},&quot;_id&quot;:&quot;eb59214&quot;,&quot;jet_parallax_layout_image_tablet&quot;:{&quot;url&quot;:&quot;&quot;,&quot;id&quot;:&quot;&quot;,&quot;size&quot;:&quot;&quot;},&quot;jet_parallax_layout_image_mobile&quot;:{&quot;url&quot;:&quot;&quot;,&quot;id&quot;:&quot;&quot;,&quot;size&quot;:&quot;&quot;},&quot;jet_parallax_layout_speed&quot;:{&quot;unit&quot;:&quot;%&quot;,&quot;size&quot;:50,&quot;sizes&quot;:[]},&quot;jet_parallax_layout_type&quot;:&quot;scroll&quot;,&quot;jet_parallax_layout_direction&quot;:&quot;1&quot;,&quot;jet_parallax_layout_fx_direction&quot;:null,&quot;jet_parallax_layout_z_index&quot;:&quot;&quot;,&quot;jet_parallax_layout_bg_x&quot;:50,&quot;jet_parallax_layout_bg_x_tablet&quot;:&quot;&quot;,&quot;jet_parallax_layout_bg_x_mobile&quot;:&quot;&quot;,&quot;jet_parallax_layout_bg_y&quot;:50,&quot;jet_parallax_layout_bg_y_tablet&quot;:&quot;&quot;,&quot;jet_parallax_layout_bg_y_mobile&quot;:&quot;&quot;,&quot;jet_parallax_layout_bg_size&quot;:&quot;auto&quot;,&quot;jet_parallax_layout_bg_size_tablet&quot;:&quot;&quot;,&quot;jet_parallax_layout_bg_size_mobile&quot;:&quot;&quot;,&quot;jet_parallax_layout_animation_prop&quot;:&quot;transform&quot;,&quot;jet_parallax_layout_on&quot;:[&quot;desktop&quot;,&quot;tablet&quot;]}],&quot;background_background&quot;:&quot;classic&quot;,&quot;stretch_section&quot;:&quot;section-stretched&quot;}\">\n\t\t\t\t\t\t<div class=\"elementor-container elementor-column-gap-default\">\n\t\t\t\t\t<div class=\"elementor-column elementor-col-100 elementor-top-column elementor-element elementor-element-9ffcf5b\" data-id=\"9ffcf5b\" data-element_type=\"column\" data-e-type=\"column\">\n\t\t\t<div class=\"elementor-widget-wrap elementor-element-populated\">\n\t\t\t\t\t\t<div class=\"elementor-element elementor-element-2a323d5 elementor-widget elementor-widget-text-editor\" data-id=\"2a323d5\" data-element_type=\"widget\" data-e-type=\"widget\" data-widget_type=\"text-editor.default\">\n\t\t\t\t<div class=\"elementor-widget-container\">\n\t\t\t\t\t\t\t\t\t<h1 style=\"text-align: left;\">Clinique Dentaire\u00a01935\u00a0: votre dentiste \u00e0 Montr\u00e9al-Est<\/h1>\t\t\t\t\t\t\t\t<\/div>\n\t\t\t\t<\/div>\n\t\t\t\t<div class=\"elementor-element elementor-element-5e0b3ff btn-container btn-container--blue elementor-align-left elementor-widget elementor-widget-button\" data-id=\"5e0b3ff\" data-element_type=\"widget\" data-e-type=\"widget\" data-widget_type=\"button.default\">\n\t\t\t\t<div class=\"elementor-widget-container\">\n\t\t\t\t\t\t\t\t\t<div class=\"elementor-button-wrapper\">\n\t\t\t\t\t<a class=\"elementor-button elementor-button-link elementor-size-sm\" href=\"https:\/\/cliniquedentaire1935.ca\/fr\/nous-joindre\/\">\n\t\t\t\t\t\t<span class=\"elementor-button-content-wrapper\">\n\t\t\t\t\t\t\t\t\t<span class=\"elementor-button-text\">Prise de rendez-vous<\/span>\n\t\t\t\t\t<\/span>\n\t\t\t\t\t<\/a>\n\t\t\t\t<\/div>\n\t\t\t\t\t\t\t\t<\/div>\n\t\t\t\t<\/div>\n\t\t\t\t\t<\/div>\n\t\t<\/div>\n\t\t\t\t\t<\/div>\n\t\t<\/section>\n\t\t\t\t<section class=\"elementor-section elementor-top-section elementor-element elementor-element-0c52425 elementor-section-stretched row-padding mobile-no-bg elementor-section-boxed elementor-section-height-default elementor-section-height-default\" data-id=\"0c52425\" data-element_type=\"section\" data-e-type=\"section\" data-settings=\"{&quot;stretch_section&quot;:&quot;section-stretched&quot;,&quot;jet_parallax_layout_list&quot;:[{&quot;jet_parallax_layout_image&quot;:{&quot;url&quot;:&quot;&quot;,&quot;id&quot;:&quot;&quot;,&quot;size&quot;:&quot;&quot;},&quot;_id&quot;:&quot;147723a&quot;,&quot;jet_parallax_layout_image_tablet&quot;:{&quot;url&quot;:&quot;&quot;,&quot;id&quot;:&quot;&quot;,&quot;size&quot;:&quot;&quot;},&quot;jet_parallax_layout_image_mobile&quot;:{&quot;url&quot;:&quot;&quot;,&quot;id&quot;:&quot;&quot;,&quot;size&quot;:&quot;&quot;},&quot;jet_parallax_layout_speed&quot;:{&quot;unit&quot;:&quot;%&quot;,&quot;size&quot;:50,&quot;sizes&quot;:[]},&quot;jet_parallax_layout_type&quot;:&quot;scroll&quot;,&quot;jet_parallax_layout_direction&quot;:&quot;1&quot;,&quot;jet_parallax_layout_fx_direction&quot;:null,&quot;jet_parallax_layout_z_index&quot;:&quot;&quot;,&quot;jet_parallax_layout_bg_x&quot;:50,&quot;jet_parallax_layout_bg_x_tablet&quot;:&quot;&quot;,&quot;jet_parallax_layout_bg_x_mobile&quot;:&quot;&quot;,&quot;jet_parallax_layout_bg_y&quot;:50,&quot;jet_parallax_layout_bg_y_tablet&quot;:&quot;&quot;,&quot;jet_parallax_layout_bg_y_mobile&quot;:&quot;&quot;,&quot;jet_parallax_layout_bg_size&quot;:&quot;auto&quot;,&quot;jet_parallax_layout_bg_size_tablet&quot;:&quot;&quot;,&quot;jet_parallax_layout_bg_size_mobile&quot;:&quot;&quot;,&quot;jet_parallax_layout_animation_prop&quot;:&quot;transform&quot;,&quot;jet_parallax_layout_on&quot;:[&quot;desktop&quot;,&quot;tablet&quot;]}],&quot;background_background&quot;:&quot;classic&quot;}\">\n\t\t\t\t\t\t<div class=\"elementor-container elementor-column-gap-default\">\n\t\t\t\t\t<div class=\"elementor-column elementor-col-50 elementor-top-column elementor-element elementor-element-02cb892\" data-id=\"02cb892\" data-element_type=\"column\" data-e-type=\"column\" data-settings=\"{&quot;background_background&quot;:&quot;classic&quot;}\">\n\t\t\t<div class=\"elementor-widget-wrap\">\n\t\t\t\t\t\t\t<\/div>\n\t\t<\/div>\n\t\t\t\t<div class=\"elementor-column elementor-col-50 elementor-top-column elementor-element elementor-element-6efcccc\" data-id=\"6efcccc\" data-element_type=\"column\" data-e-type=\"column\">\n\t\t\t<div class=\"elementor-widget-wrap elementor-element-populated\">\n\t\t\t\t\t\t<div class=\"elementor-element elementor-element-a82c9c3 elementor-widget elementor-widget-text-editor\" data-id=\"a82c9c3\" data-element_type=\"widget\" data-e-type=\"widget\" data-widget_type=\"text-editor.default\">\n\t\t\t\t<div class=\"elementor-widget-container\">\n\t\t\t\t\t\t\t\t\t<p style=\"text-align: left;\">Bienvenue dans notre <a href=\"https:\/\/cliniquedentaire1935.ca\/fr\/\">clinique dentaire de Montr\u00e9al<\/a>, o\u00f9 nous nous consacrons depuis de nombreuses d\u00e9cennies au bien-\u00eatre complet de nos patients.<\/p><p style=\"text-align: left;\">Notre engagement se manifeste \u00e0 travers une gamme compl\u00e8te de services, allant de l\u2019esth\u00e9tique jusqu\u2019aux traitements dentaires. Nos dentistes hautement qualifi\u00e9s utilisent des \u00e9quipements de pointe pour vous offrir des soins dentaires d\u2019une qualit\u00e9 exceptionnelle.<\/p>\t\t\t\t\t\t\t\t<\/div>\n\t\t\t\t<\/div>\n\t\t\t\t<div class=\"elementor-element elementor-element-40312a4 btn-container btn-container--blue elementor-align-center elementor-widget elementor-widget-button\" data-id=\"40312a4\" data-element_type=\"widget\" data-e-type=\"widget\" data-widget_type=\"button.default\">\n\t\t\t\t<div class=\"elementor-widget-container\">\n\t\t\t\t\t\t\t\t\t<div class=\"elementor-button-wrapper\">\n\t\t\t\t\t<a class=\"elementor-button elementor-button-link elementor-size-sm\" href=\"https:\/\/cliniquedentaire1935.ca\/fr\/nous-joindre\/\">\n\t\t\t\t\t\t<span class=\"elementor-button-content-wrapper\">\n\t\t\t\t\t\t\t\t\t<span class=\"elementor-button-text\">Prenez rendez-vous<\/span>\n\t\t\t\t\t<\/span>\n\t\t\t\t\t<\/a>\n\t\t\t\t<\/div>\n\t\t\t\t\t\t\t\t<\/div>\n\t\t\t\t<\/div>\n\t\t\t\t\t<\/div>\n\t\t<\/div>\n\t\t\t\t\t<\/div>\n\t\t<\/section>\n\t\t\t\t<section class=\"elementor-section elementor-top-section elementor-element elementor-element-d246723 elementor-section-boxed elementor-section-height-default elementor-section-height-default\" data-id=\"d246723\" data-element_type=\"section\" data-e-type=\"section\" data-settings=\"{&quot;jet_parallax_layout_list&quot;:[]}\">\n\t\t\t\t\t\t<div class=\"elementor-container elementor-column-gap-default\">\n\t\t\t\t\t<div class=\"elementor-column elementor-col-100 elementor-top-column elementor-element elementor-element-1936ee1\" data-id=\"1936ee1\" data-element_type=\"column\" data-e-type=\"column\">\n\t\t\t<div class=\"elementor-widget-wrap elementor-element-populated\">\n\t\t\t\t\t\t<div class=\"elementor-element elementor-element-3e986f4 elementor-widget elementor-widget-spacer\" data-id=\"3e986f4\" data-element_type=\"widget\" data-e-type=\"widget\" data-widget_type=\"spacer.default\">\n\t\t\t\t<div class=\"elementor-widget-container\">\n\t\t\t\t\t\t\t<div class=\"elementor-spacer\">\n\t\t\t<div class=\"elementor-spacer-inner\"><\/div>\n\t\t<\/div>\n\t\t\t\t\t\t<\/div>\n\t\t\t\t<\/div>\n\t\t\t\t\t<\/div>\n\t\t<\/div>\n\t\t\t\t\t<\/div>\n\t\t<\/section>\n\t\t\t\t<section class=\"elementor-section elementor-top-section elementor-element elementor-element-01b2485 elementor-section-boxed elementor-section-height-default elementor-section-height-default\" data-id=\"01b2485\" data-element_type=\"section\" data-e-type=\"section\" data-settings=\"{&quot;jet_parallax_layout_list&quot;:[]}\">\n\t\t\t\t\t\t<div class=\"elementor-container elementor-column-gap-default\">\n\t\t\t\t\t<div class=\"elementor-column elementor-col-100 elementor-top-column elementor-element elementor-element-fb8feab\" data-id=\"fb8feab\" data-element_type=\"column\" data-e-type=\"column\">\n\t\t\t<div class=\"elementor-widget-wrap elementor-element-populated\">\n\t\t\t\t\t\t<div class=\"elementor-element elementor-element-bdbf8f2 elementor-widget elementor-widget-text-editor\" data-id=\"bdbf8f2\" data-element_type=\"widget\" data-e-type=\"widget\" data-widget_type=\"text-editor.default\">\n\t\t\t\t<div class=\"elementor-widget-container\">\n\t\t\t\t\t\t\t\t\t<h2 style=\"text-align: center;\"><span style=\"color: #000000;\"><strong>Une \u00e9quipe de dentistes hautement qualifi\u00e9s<\/strong><\/span><\/h2><p>Notre <a href=\"https:\/\/cliniquedentaire1935.ca\/fr\/clinique\/\">\u00e9quipe de dentistes<\/a> poss\u00e8de une expertise approfondie en soins dentaires et sont anim\u00e9s par une qu\u00eate d\u2019excellence. Gr\u00e2ce \u00e0 leur engagement envers la formation continue, les professionnels de notre clinique dentaire demeurent \u00e0 la pointe des avanc\u00e9es techniques, garantissant ainsi des soins de la plus haute qualit\u00e9 tout en minimisant tout inconfort. Venez d\u00e9couvrir une \u00e9quipe qui accorde une importance primordiale \u00e0 votre sourire et \u00e0 votre bien-\u00eatre.<\/p>\t\t\t\t\t\t\t\t<\/div>\n\t\t\t\t<\/div>\n\t\t\t\t\t<\/div>\n\t\t<\/div>\n\t\t\t\t\t<\/div>\n\t\t<\/section>\n\t\t\t\t<section class=\"elementor-section elementor-top-section elementor-element elementor-element-7faddf9 elementor-section-boxed elementor-section-height-default elementor-section-height-default\" data-id=\"7faddf9\" data-element_type=\"section\" data-e-type=\"section\" data-settings=\"{&quot;jet_parallax_layout_list&quot;:[]}\">\n\t\t\t\t\t\t<div class=\"elementor-container elementor-column-gap-default\">\n\t\t\t\t\t<div class=\"elementor-column elementor-col-100 elementor-top-column elementor-element elementor-element-f7321b3\" data-id=\"f7321b3\" data-element_type=\"column\" data-e-type=\"column\">\n\t\t\t<div class=\"elementor-widget-wrap elementor-element-populated\">\n\t\t\t\t\t\t<div class=\"elementor-element elementor-element-d4a6b61 elementor-widget-divider--view-line elementor-widget elementor-widget-divider\" data-id=\"d4a6b61\" data-element_type=\"widget\" data-e-type=\"widget\" data-widget_type=\"divider.default\">\n\t\t\t\t<div class=\"elementor-widget-container\">\n\t\t\t\t\t\t\t<div class=\"elementor-divider\">\n\t\t\t<span class=\"elementor-divider-separator\">\n\t\t\t\t\t\t<\/span>\n\t\t<\/div>\n\t\t\t\t\t\t<\/div>\n\t\t\t\t<\/div>\n\t\t\t\t\t<\/div>\n\t\t<\/div>\n\t\t\t\t\t<\/div>\n\t\t<\/section>\n\t\t\t\t<section class=\"elementor-section elementor-top-section elementor-element elementor-element-61626d7 elementor-section-boxed elementor-section-height-default elementor-section-height-default\" data-id=\"61626d7\" data-element_type=\"section\" data-e-type=\"section\" data-settings=\"{&quot;jet_parallax_layout_list&quot;:[]}\">\n\t\t\t\t\t\t<div class=\"elementor-container elementor-column-gap-default\">\n\t\t\t\t\t<div class=\"elementor-column elementor-col-100 elementor-top-column elementor-element elementor-element-b7a149b\" data-id=\"b7a149b\" data-element_type=\"column\" data-e-type=\"column\">\n\t\t\t<div class=\"elementor-widget-wrap elementor-element-populated\">\n\t\t\t\t\t\t<div class=\"elementor-element elementor-element-6065237 elementor-widget elementor-widget-text-editor\" data-id=\"6065237\" data-element_type=\"widget\" data-e-type=\"widget\" data-widget_type=\"text-editor.default\">\n\t\t\t\t<div class=\"elementor-widget-container\">\n\t\t\t\t\t\t\t\t\t<h2 style=\"text-align: center;\"><span style=\"color: #000000;\"><strong>Une gamme compl\u00e8te de services dentaires \u00e0 Montr\u00e9al-Est<\/strong><\/span><\/h2><p>Notre clinique dentaire, id\u00e9alement situ\u00e9e dans Montr\u00e9al-Est, propose une vaste palette de services con\u00e7us pour r\u00e9pondre \u00e0 tous vos besoins dentaires. Nous sommes fiers de vous offrir des soins complets, allant des <a href=\"https:\/\/cliniquedentaire1935.ca\/fr\/soins-dentaires\/nettoyage-dentaire\/\">examens dentaires<\/a> jusqu\u2019aux interventions les plus complexes, telles que les <a href=\"https:\/\/cliniquedentaire1935.ca\/fr\/implantologie-dentaire\/greffe-osseuse-dentaire\/\">greffes osseuses<\/a>. Notre objectif premier est de garantir que chaque r\u00e9sident de Montr\u00e9al-Est ait un acc\u00e8s privil\u00e9gi\u00e9 \u00e0 des soins dentaires d\u2019une qualit\u00e9 exceptionnelle.<\/p>\t\t\t\t\t\t\t\t<\/div>\n\t\t\t\t<\/div>\n\t\t\t\t\t<\/div>\n\t\t<\/div>\n\t\t\t\t\t<\/div>\n\t\t<\/section>\n\t\t\t\t<section class=\"elementor-section elementor-top-section elementor-element elementor-element-042ff0d elementor-section-stretched row-padding mobile-no-bg elementor-section-boxed elementor-section-height-default elementor-section-height-default\" data-id=\"042ff0d\" data-element_type=\"section\" data-e-type=\"section\" data-settings=\"{&quot;stretch_section&quot;:&quot;section-stretched&quot;,&quot;jet_parallax_layout_list&quot;:[{&quot;jet_parallax_layout_image&quot;:{&quot;url&quot;:&quot;&quot;,&quot;id&quot;:&quot;&quot;,&quot;size&quot;:&quot;&quot;},&quot;_id&quot;:&quot;147723a&quot;,&quot;jet_parallax_layout_image_tablet&quot;:{&quot;url&quot;:&quot;&quot;,&quot;id&quot;:&quot;&quot;,&quot;size&quot;:&quot;&quot;},&quot;jet_parallax_layout_image_mobile&quot;:{&quot;url&quot;:&quot;&quot;,&quot;id&quot;:&quot;&quot;,&quot;size&quot;:&quot;&quot;},&quot;jet_parallax_layout_speed&quot;:{&quot;unit&quot;:&quot;%&quot;,&quot;size&quot;:50,&quot;sizes&quot;:[]},&quot;jet_parallax_layout_type&quot;:&quot;scroll&quot;,&quot;jet_parallax_layout_direction&quot;:&quot;1&quot;,&quot;jet_parallax_layout_fx_direction&quot;:null,&quot;jet_parallax_layout_z_index&quot;:&quot;&quot;,&quot;jet_parallax_layout_bg_x&quot;:50,&quot;jet_parallax_layout_bg_x_tablet&quot;:&quot;&quot;,&quot;jet_parallax_layout_bg_x_mobile&quot;:&quot;&quot;,&quot;jet_parallax_layout_bg_y&quot;:50,&quot;jet_parallax_layout_bg_y_tablet&quot;:&quot;&quot;,&quot;jet_parallax_layout_bg_y_mobile&quot;:&quot;&quot;,&quot;jet_parallax_layout_bg_size&quot;:&quot;auto&quot;,&quot;jet_parallax_layout_bg_size_tablet&quot;:&quot;&quot;,&quot;jet_parallax_layout_bg_size_mobile&quot;:&quot;&quot;,&quot;jet_parallax_layout_animation_prop&quot;:&quot;transform&quot;,&quot;jet_parallax_layout_on&quot;:[&quot;desktop&quot;,&quot;tablet&quot;]}],&quot;background_background&quot;:&quot;classic&quot;}\">\n\t\t\t\t\t\t<div class=\"elementor-container elementor-column-gap-default\">\n\t\t\t\t\t<div class=\"elementor-column elementor-col-50 elementor-top-column elementor-element elementor-element-f7ad2ef\" data-id=\"f7ad2ef\" data-element_type=\"column\" data-e-type=\"column\" data-settings=\"{&quot;background_background&quot;:&quot;classic&quot;}\">\n\t\t\t<div class=\"elementor-widget-wrap\">\n\t\t\t\t\t\t\t<\/div>\n\t\t<\/div>\n\t\t\t\t<div class=\"elementor-column elementor-col-50 elementor-top-column elementor-element elementor-element-be91149\" data-id=\"be91149\" data-element_type=\"column\" data-e-type=\"column\">\n\t\t\t<div class=\"elementor-widget-wrap elementor-element-populated\">\n\t\t\t\t\t\t<div class=\"elementor-element elementor-element-eeb99b4 blue-text elementor-widget elementor-widget-text-editor\" data-id=\"eeb99b4\" data-element_type=\"widget\" data-e-type=\"widget\" data-widget_type=\"text-editor.default\">\n\t\t\t\t<div class=\"elementor-widget-container\">\n\t\t\t\t\t\t\t\t\t<h2>Pourquoi choisir notre clinique dentaire \u00e0 Montr\u00e9al-Est\u2009?<\/h2>\t\t\t\t\t\t\t\t<\/div>\n\t\t\t\t<\/div>\n\t\t\t\t<div class=\"elementor-element elementor-element-2a235cf beige-bar elementor-widget-divider--view-line elementor-widget elementor-widget-divider\" data-id=\"2a235cf\" data-element_type=\"widget\" data-e-type=\"widget\" data-widget_type=\"divider.default\">\n\t\t\t\t<div class=\"elementor-widget-container\">\n\t\t\t\t\t\t\t<div class=\"elementor-divider\">\n\t\t\t<span class=\"elementor-divider-separator\">\n\t\t\t\t\t\t<\/span>\n\t\t<\/div>\n\t\t\t\t\t\t<\/div>\n\t\t\t\t<\/div>\n\t\t\t\t<div class=\"elementor-element elementor-element-26e38fc elementor-widget elementor-widget-text-editor\" data-id=\"26e38fc\" data-element_type=\"widget\" data-e-type=\"widget\" data-widget_type=\"text-editor.default\">\n\t\t\t\t<div class=\"elementor-widget-container\">\n\t\t\t\t\t\t\t\t\t<p style=\"text-align: left;\">Notre centre dentaire, situ\u00e9 \u00e0 proximit\u00e9 du M\u00e9tro Papineau, est un pilier de soins de sant\u00e9 bucco-dentaire. Notre clinique jouit d\u2019une r\u00e9putation in\u00e9gal\u00e9e pour son engagement envers l\u2019excellence et ses soins attentionn\u00e9s envers ses patients. Nous vous offrons une exp\u00e9rience dentaire exceptionnelle, marqu\u00e9e par notre empathie, notre expertise et notre d\u00e9termination \u00e0 d\u00e9passer vos attentes pour prendre soin de vous et de votre famille.<\/p><h3 style=\"text-align: left;\"><span style=\"color: #000000;\">Technologie de pointe et traitements innovants<\/span><\/h3><p style=\"text-align: left;\">Notre clinique est \u00e9quip\u00e9e de la toute derni\u00e8re technologie dentaire, nous permettant d\u2019effectuer des diagnostics pr\u00e9cis et de proposer des traitements innovants, tels que la <a href=\"https:\/\/cliniquedentaire1935.ca\/fr\/dentisterie-esthetique\/restauration-dentaire-cerec\/\">restauration dentaire CEREC<\/a>. De l\u2019imagerie radiographique num\u00e9rique aux empreintes dentaires en 3D, nous disposons des outils n\u00e9cessaires pour fournir des soins dentaires d\u2019une qualit\u00e9 exceptionnelle.<\/p><h3 style=\"text-align: left;\"><span style=\"color: #000000;\">Approche personnalis\u00e9e pour votre sant\u00e9 buccale<\/span><\/h3><p style=\"text-align: left;\">Nous comprenons que chaque sourire est unique, et c\u2019est pourquoi nous proposons des plans de traitement personnalis\u00e9s adapt\u00e9s \u00e0 vos besoins sp\u00e9cifiques. Nous prenons le temps de vous \u00e9couter et de comprendre vos objectifs en mati\u00e8re de sant\u00e9 bucco-dentaire, afin de vous offrir des soins personnalis\u00e9s qui refl\u00e8tent vos souhaits personnels et votre situation particuli\u00e8re. N\u2019h\u00e9sitez pas \u00e0 nous contacter d\u00e8s maintenant pour prendre rendez-vous\u2009!<\/p>\t\t\t\t\t\t\t\t<\/div>\n\t\t\t\t<\/div>\n\t\t\t\t<div class=\"elementor-element elementor-element-e190e3d btn-container btn-container--blue elementor-align-center elementor-widget elementor-widget-button\" data-id=\"e190e3d\" data-element_type=\"widget\" data-e-type=\"widget\" data-widget_type=\"button.default\">\n\t\t\t\t<div class=\"elementor-widget-container\">\n\t\t\t\t\t\t\t\t\t<div class=\"elementor-button-wrapper\">\n\t\t\t\t\t<a class=\"elementor-button elementor-button-link elementor-size-sm\" href=\"https:\/\/cliniquedentaire1935.ca\/fr\/nous-joindre\/\">\n\t\t\t\t\t\t<span class=\"elementor-button-content-wrapper\">\n\t\t\t\t\t\t\t\t\t<span class=\"elementor-button-text\">Contactez-nous<\/span>\n\t\t\t\t\t<\/span>\n\t\t\t\t\t<\/a>\n\t\t\t\t<\/div>\n\t\t\t\t\t\t\t\t<\/div>\n\t\t\t\t<\/div>\n\t\t\t\t\t<\/div>\n\t\t<\/div>\n\t\t\t\t\t<\/div>\n\t\t<\/section>\n\t\t\t\t<\/div>\n\t\t","protected":false},"excerpt":{"rendered":"<p>Clinique Dentaire\u00a01935\u00a0: votre dentiste \u00e0 Montr\u00e9al-Est Prise de rendez-vous Bienvenue dans notre clinique dentaire de Montr\u00e9al, o\u00f9 nous nous consacrons depuis de nombreuses d\u00e9cennies au bien-\u00eatre complet de nos patients. Notre engagement se manifeste \u00e0 travers une gamme compl\u00e8te de services, allant de l\u2019esth\u00e9tique jusqu\u2019aux traitements dentaires. Nos dentistes hautement qualifi\u00e9s utilisent des \u00e9quipements de [&hellip;]<\/p>\n","protected":false},"author":1,"featured_media":0,"parent":0,"menu_order":0,"comment_status":"closed","ping_status":"closed","template":"","meta":{"_acf_changed":false,"footnotes":""},"class_list":["post-13403","page","type-page","status-publish","hentry"],"acf":[],"yoast_head":"<!-- This site is optimized with the Yoast SEO plugin v27.6 - https:\/\/yoast.com\/product\/yoast-seo-wordpress\/ -->\n<title>Dentiste \u00e0 Montr\u00e9al-Est | Clinique Dentaire 1935<\/title>\n<meta name=\"description\" content=\"Trouvez votre dentiste de confiance \u00e0 Montr\u00e9al-Est. Des services dentaires complets et de qualit\u00e9s pr\u00e8s de chez vous pour toute la famille.\" \/>\n<meta name=\"robots\" content=\"index, follow, max-snippet:-1, max-image-preview:large, max-video-preview:-1\" \/>\n<link rel=\"canonical\" href=\"https:\/\/cliniquedentaire1935.ca\/fr\/dentiste-montreal-est\/\" \/>\n<meta property=\"og:locale\" content=\"fr_FR\" \/>\n<meta property=\"og:type\" content=\"article\" \/>\n<meta property=\"og:title\" content=\"Dentiste \u00e0 Montr\u00e9al-Est | Clinique Dentaire 1935\" \/>\n<meta property=\"og:description\" content=\"Trouvez votre dentiste de confiance \u00e0 Montr\u00e9al-Est. Des services dentaires complets et de qualit\u00e9s pr\u00e8s de chez vous pour toute la famille.\" \/>\n<meta property=\"og:url\" content=\"https:\/\/cliniquedentaire1935.ca\/fr\/dentiste-montreal-est\/\" \/>\n<meta property=\"og:site_name\" content=\"Clinique Dentaire 1935\" \/>\n<meta property=\"article:modified_time\" content=\"2023-12-15T19:57:26+00:00\" \/>\n<meta name=\"twitter:card\" content=\"summary_large_image\" \/>\n<meta name=\"twitter:label1\" content=\"Est. reading time\" \/>\n\t<meta name=\"twitter:data1\" content=\"3 minutes\" \/>\n<!-- \/ Yoast SEO plugin. -->","yoast_head_json":{"title":"Dentiste \u00e0 Montr\u00e9al-Est | Clinique Dentaire 1935","description":"Trouvez votre dentiste de confiance \u00e0 Montr\u00e9al-Est. Des services dentaires complets et de qualit\u00e9s pr\u00e8s de chez vous pour toute la famille.","robots":{"index":"index","follow":"follow","max-snippet":"max-snippet:-1","max-image-preview":"max-image-preview:large","max-video-preview":"max-video-preview:-1"},"canonical":"https:\/\/cliniquedentaire1935.ca\/fr\/dentiste-montreal-est\/","og_locale":"fr_FR","og_type":"article","og_title":"Dentiste \u00e0 Montr\u00e9al-Est | Clinique Dentaire 1935","og_description":"Trouvez votre dentiste de confiance \u00e0 Montr\u00e9al-Est. Des services dentaires complets et de qualit\u00e9s pr\u00e8s de chez vous pour toute la famille.","og_url":"https:\/\/cliniquedentaire1935.ca\/fr\/dentiste-montreal-est\/","og_site_name":"Clinique Dentaire 1935","article_modified_time":"2023-12-15T19:57:26+00:00","twitter_card":"summary_large_image","twitter_misc":{"Est. reading time":"3 minutes"},"schema":{"@context":"https:\/\/schema.org","@graph":[{"@type":"WebPage","@id":"https:\/\/cliniquedentaire1935.ca\/fr\/dentiste-montreal-est\/","url":"https:\/\/cliniquedentaire1935.ca\/fr\/dentiste-montreal-est\/","name":"Dentiste \u00e0 Montr\u00e9al-Est | Clinique Dentaire 1935","isPartOf":{"@id":"https:\/\/cliniquedentaire1935.ca\/fr\/#website"},"datePublished":"2023-12-15T19:53:24+00:00","dateModified":"2023-12-15T19:57:26+00:00","description":"Trouvez votre dentiste de confiance \u00e0 Montr\u00e9al-Est. Des services dentaires complets et de qualit\u00e9s pr\u00e8s de chez vous pour toute la famille.","breadcrumb":{"@id":"https:\/\/cliniquedentaire1935.ca\/fr\/dentiste-montreal-est\/#breadcrumb"},"inLanguage":"fr-ca","potentialAction":[{"@type":"ReadAction","target":["https:\/\/cliniquedentaire1935.ca\/fr\/dentiste-montreal-est\/"]}]},{"@type":"BreadcrumbList","@id":"https:\/\/cliniquedentaire1935.ca\/fr\/dentiste-montreal-est\/#breadcrumb","itemListElement":[{"@type":"ListItem","position":1,"name":"Clinique dentaire Montr\u00e9al","item":"https:\/\/cliniquedentaire1935.ca\/fr\/"},{"@type":"ListItem","position":2,"name":"Dentiste Montr\u00e9al Est"}]},{"@type":"WebSite","@id":"https:\/\/cliniquedentaire1935.ca\/fr\/#website","url":"https:\/\/cliniquedentaire1935.ca\/fr\/","name":"Clinique Dentaire 1935","description":"Clinique Dentaire 1935","potentialAction":[{"@type":"SearchAction","target":{"@type":"EntryPoint","urlTemplate":"https:\/\/cliniquedentaire1935.ca\/fr\/?s={search_term_string}"},"query-input":{"@type":"PropertyValueSpecification","valueRequired":true,"valueName":"search_term_string"}}],"inLanguage":"fr-ca"}]}},"_links":{"self":[{"href":"https:\/\/cliniquedentaire1935.ca\/fr\/wp-json\/wp\/v2\/pages\/13403","targetHints":{"allow":["GET"]}}],"collection":[{"href":"https:\/\/cliniquedentaire1935.ca\/fr\/wp-json\/wp\/v2\/pages"}],"about":[{"href":"https:\/\/cliniquedentaire1935.ca\/fr\/wp-json\/wp\/v2\/types\/page"}],"author":[{"embeddable":true,"href":"https:\/\/cliniquedentaire1935.ca\/fr\/wp-json\/wp\/v2\/users\/1"}],"replies":[{"embeddable":true,"href":"https:\/\/cliniquedentaire1935.ca\/fr\/wp-json\/wp\/v2\/comments?post=13403"}],"version-history":[{"count":4,"href":"https:\/\/cliniquedentaire1935.ca\/fr\/wp-json\/wp\/v2\/pages\/13403\/revisions"}],"predecessor-version":[{"id":13409,"href":"https:\/\/cliniquedentaire1935.ca\/fr\/wp-json\/wp\/v2\/pages\/13403\/revisions\/13409"}],"wp:attachment":[{"href":"https:\/\/cliniquedentaire1935.ca\/fr\/wp-json\/wp\/v2\/media?parent=13403"}],"curies":[{"name":"wp","href":"https:\/\/api.w.org\/{rel}","templated":true}]}}