{"id":13282,"date":"2023-11-24T11:42:13","date_gmt":"2023-11-24T16:42:13","guid":{"rendered":"https:\/\/cliniquedentaire1935.ca\/?page_id=13282"},"modified":"2023-11-24T11:52:42","modified_gmt":"2023-11-24T16:52:42","slug":"nous-joindre","status":"publish","type":"page","link":"https:\/\/cliniquedentaire1935.ca\/fr\/nous-joindre\/","title":{"rendered":"Nous joindre"},"content":{"rendered":"\t\t<div data-elementor-type=\"wp-page\" data-elementor-id=\"13282\" class=\"elementor elementor-13282\">\n\t\t\t\t\t\t<section class=\"elementor-section elementor-top-section elementor-element elementor-element-0cce135 header-section elementor-section-stretched elementor-section-boxed elementor-section-height-default elementor-section-height-default\" data-id=\"0cce135\" data-element_type=\"section\" data-e-type=\"section\" data-settings=\"{&quot;jet_parallax_layout_list&quot;:[{&quot;jet_parallax_layout_image&quot;:{&quot;url&quot;:&quot;&quot;,&quot;id&quot;:&quot;&quot;,&quot;size&quot;:&quot;&quot;},&quot;_id&quot;:&quot;eb59214&quot;,&quot;jet_parallax_layout_image_tablet&quot;:{&quot;url&quot;:&quot;&quot;,&quot;id&quot;:&quot;&quot;,&quot;size&quot;:&quot;&quot;},&quot;jet_parallax_layout_image_mobile&quot;:{&quot;url&quot;:&quot;&quot;,&quot;id&quot;:&quot;&quot;,&quot;size&quot;:&quot;&quot;},&quot;jet_parallax_layout_speed&quot;:{&quot;unit&quot;:&quot;%&quot;,&quot;size&quot;:50,&quot;sizes&quot;:[]},&quot;jet_parallax_layout_type&quot;:&quot;scroll&quot;,&quot;jet_parallax_layout_direction&quot;:&quot;1&quot;,&quot;jet_parallax_layout_fx_direction&quot;:null,&quot;jet_parallax_layout_z_index&quot;:&quot;&quot;,&quot;jet_parallax_layout_bg_x&quot;:50,&quot;jet_parallax_layout_bg_x_tablet&quot;:&quot;&quot;,&quot;jet_parallax_layout_bg_x_mobile&quot;:&quot;&quot;,&quot;jet_parallax_layout_bg_y&quot;:50,&quot;jet_parallax_layout_bg_y_tablet&quot;:&quot;&quot;,&quot;jet_parallax_layout_bg_y_mobile&quot;:&quot;&quot;,&quot;jet_parallax_layout_bg_size&quot;:&quot;auto&quot;,&quot;jet_parallax_layout_bg_size_tablet&quot;:&quot;&quot;,&quot;jet_parallax_layout_bg_size_mobile&quot;:&quot;&quot;,&quot;jet_parallax_layout_animation_prop&quot;:&quot;transform&quot;,&quot;jet_parallax_layout_on&quot;:[&quot;desktop&quot;,&quot;tablet&quot;]}],&quot;background_background&quot;:&quot;classic&quot;,&quot;stretch_section&quot;:&quot;section-stretched&quot;}\">\n\t\t\t\t\t\t<div class=\"elementor-container elementor-column-gap-default\">\n\t\t\t\t\t<div class=\"elementor-column elementor-col-100 elementor-top-column elementor-element elementor-element-8d2d3c9\" data-id=\"8d2d3c9\" data-element_type=\"column\" data-e-type=\"column\">\n\t\t\t<div class=\"elementor-widget-wrap elementor-element-populated\">\n\t\t\t\t\t\t<div class=\"elementor-element elementor-element-789021f elementor-widget elementor-widget-text-editor\" data-id=\"789021f\" data-element_type=\"widget\" data-e-type=\"widget\" data-widget_type=\"text-editor.default\">\n\t\t\t\t<div class=\"elementor-widget-container\">\n\t\t\t\t\t\t\t\t\t<h1>Contact et rendez-vous <br \/>avec la Clinique Dentaire 1935<\/h1>\t\t\t\t\t\t\t\t<\/div>\n\t\t\t\t<\/div>\n\t\t\t\t<div class=\"elementor-element elementor-element-472a496 btn-container btn-container--blue elementor-align-left elementor-widget elementor-widget-button\" data-id=\"472a496\" data-element_type=\"widget\" data-e-type=\"widget\" data-widget_type=\"button.default\">\n\t\t\t\t<div class=\"elementor-widget-container\">\n\t\t\t\t\t\t\t\t\t<div class=\"elementor-button-wrapper\">\n\t\t\t\t\t<a class=\"elementor-button elementor-button-link elementor-size-sm\" href=\"https:\/\/cliniquedentaire1935.ca\/fr\/urgences-dentaires\/\">\n\t\t\t\t\t\t<span class=\"elementor-button-content-wrapper\">\n\t\t\t\t\t\t\t\t\t<span class=\"elementor-button-text\">Urgences dentaires<\/span>\n\t\t\t\t\t<\/span>\n\t\t\t\t\t<\/a>\n\t\t\t\t<\/div>\n\t\t\t\t\t\t\t\t<\/div>\n\t\t\t\t<\/div>\n\t\t\t\t\t<\/div>\n\t\t<\/div>\n\t\t\t\t\t<\/div>\n\t\t<\/section>\n\t\t\t\t<section class=\"elementor-section elementor-top-section elementor-element elementor-element-39c9da0 elementor-section-stretched row-padding mobile-no-bg elementor-section-boxed elementor-section-height-default elementor-section-height-default\" data-id=\"39c9da0\" data-element_type=\"section\" data-e-type=\"section\" data-settings=\"{&quot;stretch_section&quot;:&quot;section-stretched&quot;,&quot;jet_parallax_layout_list&quot;:[{&quot;jet_parallax_layout_image&quot;:{&quot;url&quot;:&quot;&quot;,&quot;id&quot;:&quot;&quot;,&quot;size&quot;:&quot;&quot;},&quot;_id&quot;:&quot;693f01f&quot;,&quot;jet_parallax_layout_image_tablet&quot;:{&quot;url&quot;:&quot;&quot;,&quot;id&quot;:&quot;&quot;,&quot;size&quot;:&quot;&quot;},&quot;jet_parallax_layout_image_mobile&quot;:{&quot;url&quot;:&quot;&quot;,&quot;id&quot;:&quot;&quot;,&quot;size&quot;:&quot;&quot;},&quot;jet_parallax_layout_speed&quot;:{&quot;unit&quot;:&quot;%&quot;,&quot;size&quot;:50,&quot;sizes&quot;:[]},&quot;jet_parallax_layout_type&quot;:&quot;scroll&quot;,&quot;jet_parallax_layout_direction&quot;:&quot;1&quot;,&quot;jet_parallax_layout_fx_direction&quot;:null,&quot;jet_parallax_layout_z_index&quot;:&quot;&quot;,&quot;jet_parallax_layout_bg_x&quot;:50,&quot;jet_parallax_layout_bg_x_tablet&quot;:&quot;&quot;,&quot;jet_parallax_layout_bg_x_mobile&quot;:&quot;&quot;,&quot;jet_parallax_layout_bg_y&quot;:50,&quot;jet_parallax_layout_bg_y_tablet&quot;:&quot;&quot;,&quot;jet_parallax_layout_bg_y_mobile&quot;:&quot;&quot;,&quot;jet_parallax_layout_bg_size&quot;:&quot;auto&quot;,&quot;jet_parallax_layout_bg_size_tablet&quot;:&quot;&quot;,&quot;jet_parallax_layout_bg_size_mobile&quot;:&quot;&quot;,&quot;jet_parallax_layout_animation_prop&quot;:&quot;transform&quot;,&quot;jet_parallax_layout_on&quot;:[&quot;desktop&quot;,&quot;tablet&quot;]}],&quot;background_background&quot;:&quot;classic&quot;}\">\n\t\t\t\t\t\t<div class=\"elementor-container elementor-column-gap-default\">\n\t\t\t\t\t<div class=\"elementor-column elementor-col-50 elementor-top-column elementor-element elementor-element-2db68dd\" data-id=\"2db68dd\" data-element_type=\"column\" data-e-type=\"column\">\n\t\t\t<div class=\"elementor-widget-wrap\">\n\t\t\t\t\t\t\t<\/div>\n\t\t<\/div>\n\t\t\t\t<div class=\"elementor-column elementor-col-50 elementor-top-column elementor-element elementor-element-c91a47b\" data-id=\"c91a47b\" data-element_type=\"column\" data-e-type=\"column\">\n\t\t\t<div class=\"elementor-widget-wrap elementor-element-populated\">\n\t\t\t\t\t\t<div class=\"elementor-element elementor-element-fe53363 blue-text elementor-widget elementor-widget-text-editor\" data-id=\"fe53363\" data-element_type=\"widget\" data-e-type=\"widget\" data-widget_type=\"text-editor.default\">\n\t\t\t\t<div class=\"elementor-widget-container\">\n\t\t\t\t\t\t\t\t\t<h2>Informations de contact<\/h2>\t\t\t\t\t\t\t\t<\/div>\n\t\t\t\t<\/div>\n\t\t\t\t<div class=\"elementor-element elementor-element-ee8f1db beige-bar elementor-widget-divider--view-line elementor-widget elementor-widget-divider\" data-id=\"ee8f1db\" data-element_type=\"widget\" data-e-type=\"widget\" data-widget_type=\"divider.default\">\n\t\t\t\t<div class=\"elementor-widget-container\">\n\t\t\t\t\t\t\t<div class=\"elementor-divider\">\n\t\t\t<span class=\"elementor-divider-separator\">\n\t\t\t\t\t\t<\/span>\n\t\t<\/div>\n\t\t\t\t\t\t<\/div>\n\t\t\t\t<\/div>\n\t\t\t\t<div class=\"elementor-element elementor-element-92028d0 elementor-widget elementor-widget-spacer\" data-id=\"92028d0\" data-element_type=\"widget\" data-e-type=\"widget\" data-widget_type=\"spacer.default\">\n\t\t\t\t<div class=\"elementor-widget-container\">\n\t\t\t\t\t\t\t<div class=\"elementor-spacer\">\n\t\t\t<div class=\"elementor-spacer-inner\"><\/div>\n\t\t<\/div>\n\t\t\t\t\t\t<\/div>\n\t\t\t\t<\/div>\n\t\t\t\t<div class=\"elementor-element elementor-element-f2d8531 contact-icon elementor-widget elementor-widget-raven-image\" data-id=\"f2d8531\" data-element_type=\"widget\" data-e-type=\"widget\" data-widget_type=\"raven-image.default\">\n\t\t\t\t<div class=\"elementor-widget-container\">\n\t\t\t\t\t\t\t<div class=\"raven-image\">\n\t\t\n\t\t\n\t\t<img decoding=\"async\" width=\"29\" height=\"40\" src=\"https:\/\/cliniquedentaire1935.ca\/wp-content\/uploads\/2019\/05\/map-point.png\" class=\"attachment-full size-full wp-image-158\" alt=\"\" \/>\t\t<\/div>\n\t\t\t\t\t\t<\/div>\n\t\t\t\t<\/div>\n\t\t\t\t<div class=\"elementor-element elementor-element-e0d1e50 contact-icon-text elementor-widget elementor-widget-text-editor\" data-id=\"e0d1e50\" data-element_type=\"widget\" data-e-type=\"widget\" data-widget_type=\"text-editor.default\">\n\t\t\t\t<div class=\"elementor-widget-container\">\n\t\t\t\t\t\t\t\t\t<p><a href=\"https:\/\/www.google.com\/maps?q=1935,+boul.+De+Maisonneuve+Est+Montr%C3%A9al,+QC+H2K+4P4&amp;um=1&amp;ie=UTF-8&amp;sa=X&amp;ved=0ahUKEwiWz_6K0dDiAhUFTt8KHX-uDOEQ_AUIECgB\" target=\"_blank\" rel=\"noopener\">1935, boul. De Maisonneuve Est<br \/>Montr\u00e9al, QC H2K 4P4<\/a><\/p>\t\t\t\t\t\t\t\t<\/div>\n\t\t\t\t<\/div>\n\t\t\t\t<div class=\"elementor-element elementor-element-3787489 contact-icon elementor-widget elementor-widget-raven-image\" data-id=\"3787489\" data-element_type=\"widget\" data-e-type=\"widget\" data-widget_type=\"raven-image.default\">\n\t\t\t\t<div class=\"elementor-widget-container\">\n\t\t\t\t\t\t\t<div class=\"raven-image\">\n\t\t\n\t\t\n\t\t<img decoding=\"async\" width=\"29\" height=\"40\" src=\"https:\/\/cliniquedentaire1935.ca\/wp-content\/uploads\/2019\/05\/telephone.png\" class=\"attachment-full size-full wp-image-152\" alt=\"Appelez votre dentiste \u00e0 Montr\u00e9al\" \/>\t\t<\/div>\n\t\t\t\t\t\t<\/div>\n\t\t\t\t<\/div>\n\t\t\t\t<div class=\"elementor-element elementor-element-b1d7a83 contact-icon-text elementor-widget elementor-widget-text-editor\" data-id=\"b1d7a83\" data-element_type=\"widget\" data-e-type=\"widget\" data-widget_type=\"text-editor.default\">\n\t\t\t\t<div class=\"elementor-widget-container\">\n\t\t\t\t\t\t\t\t\t<p><a href=\"tel:5145271276\">514-527-1276<\/a><\/p>\t\t\t\t\t\t\t\t<\/div>\n\t\t\t\t<\/div>\n\t\t\t\t<div class=\"elementor-element elementor-element-4d7f999 elementor-widget elementor-widget-spacer\" data-id=\"4d7f999\" data-element_type=\"widget\" data-e-type=\"widget\" data-widget_type=\"spacer.default\">\n\t\t\t\t<div class=\"elementor-widget-container\">\n\t\t\t\t\t\t\t<div class=\"elementor-spacer\">\n\t\t\t<div class=\"elementor-spacer-inner\"><\/div>\n\t\t<\/div>\n\t\t\t\t\t\t<\/div>\n\t\t\t\t<\/div>\n\t\t\t\t<div class=\"elementor-element elementor-element-07ecf7f elementor-widget elementor-widget-text-editor\" data-id=\"07ecf7f\" data-element_type=\"widget\" data-e-type=\"widget\" data-widget_type=\"text-editor.default\">\n\t\t\t\t<div class=\"elementor-widget-container\">\n\t\t\t\t\t\t\t\t\t<p>T\u00c9L\u00c9PHONEZ-NOUS!<br \/>C\u2019est la mani\u00e8re la plus simple et la plus rapide d\u2019obtenir un rendez-vous chez votre dentiste \u00e0 Montr\u00e9al : <a href=\"tel:5145271276\">514-527-1276 <\/a><\/p>\t\t\t\t\t\t\t\t<\/div>\n\t\t\t\t<\/div>\n\t\t\t\t\t<\/div>\n\t\t<\/div>\n\t\t\t\t\t<\/div>\n\t\t<\/section>\n\t\t\t\t<\/div>\n\t\t","protected":false},"excerpt":{"rendered":"<p>Contact et rendez-vous avec la Clinique Dentaire 1935 Urgences dentaires Informations de contact 1935, boul. De Maisonneuve EstMontr\u00e9al, QC H2K 4P4 514-527-1276 T\u00c9L\u00c9PHONEZ-NOUS!C\u2019est la mani\u00e8re la plus simple et la plus rapide d\u2019obtenir un rendez-vous chez votre dentiste \u00e0 Montr\u00e9al : 514-527-1276<\/p>\n","protected":false},"author":1,"featured_media":0,"parent":0,"menu_order":0,"comment_status":"closed","ping_status":"closed","template":"","meta":{"_acf_changed":false,"footnotes":""},"class_list":["post-13282","page","type-page","status-publish","hentry"],"acf":[],"yoast_head":"<!-- This site is optimized with the Yoast SEO plugin v26.9 - https:\/\/yoast.com\/product\/yoast-seo-wordpress\/ -->\n<title>Nous joindre - Clinique Dentaire 1935<\/title>\n<meta name=\"robots\" content=\"index, follow, max-snippet:-1, max-image-preview:large, max-video-preview:-1\" \/>\n<link rel=\"canonical\" href=\"https:\/\/cliniquedentaire1935.ca\/fr\/nous-joindre\/\" \/>\n<meta property=\"og:locale\" content=\"fr_FR\" \/>\n<meta property=\"og:type\" content=\"article\" \/>\n<meta property=\"og:title\" content=\"Nous joindre - Clinique Dentaire 1935\" \/>\n<meta property=\"og:description\" content=\"Contact et rendez-vous avec la Clinique Dentaire 1935 Urgences dentaires Informations de contact 1935, boul. De Maisonneuve EstMontr\u00e9al, QC H2K 4P4 514-527-1276 T\u00c9L\u00c9PHONEZ-NOUS!C\u2019est la mani\u00e8re la plus simple et la plus rapide d\u2019obtenir un rendez-vous chez votre dentiste \u00e0 Montr\u00e9al : 514-527-1276\" \/>\n<meta property=\"og:url\" content=\"https:\/\/cliniquedentaire1935.ca\/fr\/nous-joindre\/\" \/>\n<meta property=\"og:site_name\" content=\"Clinique Dentaire 1935\" \/>\n<meta property=\"article:modified_time\" content=\"2023-11-24T16:52:42+00:00\" \/>\n<meta property=\"og:image\" content=\"https:\/\/cliniquedentaire1935.ca\/wp-content\/uploads\/2019\/05\/map-point.png\" \/>\n<meta name=\"twitter:card\" content=\"summary_large_image\" \/>\n<meta name=\"twitter:label1\" content=\"Est. reading time\" \/>\n\t<meta name=\"twitter:data1\" content=\"1 minute\" \/>\n<!-- \/ Yoast SEO plugin. -->","yoast_head_json":{"title":"Nous joindre - Clinique Dentaire 1935","robots":{"index":"index","follow":"follow","max-snippet":"max-snippet:-1","max-image-preview":"max-image-preview:large","max-video-preview":"max-video-preview:-1"},"canonical":"https:\/\/cliniquedentaire1935.ca\/fr\/nous-joindre\/","og_locale":"fr_FR","og_type":"article","og_title":"Nous joindre - Clinique Dentaire 1935","og_description":"Contact et rendez-vous avec la Clinique Dentaire 1935 Urgences dentaires Informations de contact 1935, boul. De Maisonneuve EstMontr\u00e9al, QC H2K 4P4 514-527-1276 T\u00c9L\u00c9PHONEZ-NOUS!C\u2019est la mani\u00e8re la plus simple et la plus rapide d\u2019obtenir un rendez-vous chez votre dentiste \u00e0 Montr\u00e9al : 514-527-1276","og_url":"https:\/\/cliniquedentaire1935.ca\/fr\/nous-joindre\/","og_site_name":"Clinique Dentaire 1935","article_modified_time":"2023-11-24T16:52:42+00:00","og_image":[{"url":"https:\/\/cliniquedentaire1935.ca\/wp-content\/uploads\/2019\/05\/map-point.png","type":"","width":"","height":""}],"twitter_card":"summary_large_image","twitter_misc":{"Est. reading time":"1 minute"},"schema":{"@context":"https:\/\/schema.org","@graph":[{"@type":"WebPage","@id":"https:\/\/cliniquedentaire1935.ca\/fr\/nous-joindre\/","url":"https:\/\/cliniquedentaire1935.ca\/fr\/nous-joindre\/","name":"Nous joindre - Clinique Dentaire 1935","isPartOf":{"@id":"https:\/\/cliniquedentaire1935.ca\/fr\/#website"},"primaryImageOfPage":{"@id":"https:\/\/cliniquedentaire1935.ca\/fr\/nous-joindre\/#primaryimage"},"image":{"@id":"https:\/\/cliniquedentaire1935.ca\/fr\/nous-joindre\/#primaryimage"},"thumbnailUrl":"https:\/\/cliniquedentaire1935.ca\/wp-content\/uploads\/2019\/05\/map-point.png","datePublished":"2023-11-24T16:42:13+00:00","dateModified":"2023-11-24T16:52:42+00:00","breadcrumb":{"@id":"https:\/\/cliniquedentaire1935.ca\/fr\/nous-joindre\/#breadcrumb"},"inLanguage":"fr-ca","potentialAction":[{"@type":"ReadAction","target":["https:\/\/cliniquedentaire1935.ca\/fr\/nous-joindre\/"]}]},{"@type":"ImageObject","inLanguage":"fr-ca","@id":"https:\/\/cliniquedentaire1935.ca\/fr\/nous-joindre\/#primaryimage","url":"https:\/\/cliniquedentaire1935.ca\/wp-content\/uploads\/2019\/05\/map-point.png","contentUrl":"https:\/\/cliniquedentaire1935.ca\/wp-content\/uploads\/2019\/05\/map-point.png"},{"@type":"BreadcrumbList","@id":"https:\/\/cliniquedentaire1935.ca\/fr\/nous-joindre\/#breadcrumb","itemListElement":[{"@type":"ListItem","position":1,"name":"Clinique dentaire Montr\u00e9al","item":"https:\/\/cliniquedentaire1935.ca\/fr\/"},{"@type":"ListItem","position":2,"name":"Nous joindre"}]},{"@type":"WebSite","@id":"https:\/\/cliniquedentaire1935.ca\/fr\/#website","url":"https:\/\/cliniquedentaire1935.ca\/fr\/","name":"Clinique Dentaire 1935","description":"Clinique Dentaire 1935","potentialAction":[{"@type":"SearchAction","target":{"@type":"EntryPoint","urlTemplate":"https:\/\/cliniquedentaire1935.ca\/fr\/?s={search_term_string}"},"query-input":{"@type":"PropertyValueSpecification","valueRequired":true,"valueName":"search_term_string"}}],"inLanguage":"fr-ca"}]}},"_links":{"self":[{"href":"https:\/\/cliniquedentaire1935.ca\/fr\/wp-json\/wp\/v2\/pages\/13282","targetHints":{"allow":["GET"]}}],"collection":[{"href":"https:\/\/cliniquedentaire1935.ca\/fr\/wp-json\/wp\/v2\/pages"}],"about":[{"href":"https:\/\/cliniquedentaire1935.ca\/fr\/wp-json\/wp\/v2\/types\/page"}],"author":[{"embeddable":true,"href":"https:\/\/cliniquedentaire1935.ca\/fr\/wp-json\/wp\/v2\/users\/1"}],"replies":[{"embeddable":true,"href":"https:\/\/cliniquedentaire1935.ca\/fr\/wp-json\/wp\/v2\/comments?post=13282"}],"version-history":[{"count":7,"href":"https:\/\/cliniquedentaire1935.ca\/fr\/wp-json\/wp\/v2\/pages\/13282\/revisions"}],"predecessor-version":[{"id":13300,"href":"https:\/\/cliniquedentaire1935.ca\/fr\/wp-json\/wp\/v2\/pages\/13282\/revisions\/13300"}],"wp:attachment":[{"href":"https:\/\/cliniquedentaire1935.ca\/fr\/wp-json\/wp\/v2\/media?parent=13282"}],"curies":[{"name":"wp","href":"https:\/\/api.w.org\/{rel}","templated":true}]}}