{"id":10567,"date":"2023-11-20T13:49:26","date_gmt":"2023-11-20T18:49:26","guid":{"rendered":"https:\/\/cliniquedentaire1935.ca\/?page_id=10567"},"modified":"2023-11-20T13:52:24","modified_gmt":"2023-11-20T18:52:24","slug":"dentiste-hochelaga","status":"publish","type":"page","link":"https:\/\/cliniquedentaire1935.ca\/fr\/dentiste-hochelaga\/","title":{"rendered":"Dentiste Hochelaga"},"content":{"rendered":"\t\t<div data-elementor-type=\"wp-post\" data-elementor-id=\"10567\" class=\"elementor elementor-10567\">\n\t\t\t\t\t\t<section class=\"elementor-section elementor-top-section elementor-element elementor-element-1f61d1f header-section elementor-section-stretched elementor-section-boxed elementor-section-height-default elementor-section-height-default\" data-id=\"1f61d1f\" data-element_type=\"section\" data-e-type=\"section\" data-settings=\"{&quot;jet_parallax_layout_list&quot;:[{&quot;jet_parallax_layout_image&quot;:{&quot;url&quot;:&quot;&quot;,&quot;id&quot;:&quot;&quot;,&quot;size&quot;:&quot;&quot;},&quot;_id&quot;:&quot;eb59214&quot;,&quot;jet_parallax_layout_image_tablet&quot;:{&quot;url&quot;:&quot;&quot;,&quot;id&quot;:&quot;&quot;,&quot;size&quot;:&quot;&quot;},&quot;jet_parallax_layout_image_mobile&quot;:{&quot;url&quot;:&quot;&quot;,&quot;id&quot;:&quot;&quot;,&quot;size&quot;:&quot;&quot;},&quot;jet_parallax_layout_speed&quot;:{&quot;unit&quot;:&quot;%&quot;,&quot;size&quot;:50,&quot;sizes&quot;:[]},&quot;jet_parallax_layout_type&quot;:&quot;scroll&quot;,&quot;jet_parallax_layout_direction&quot;:&quot;1&quot;,&quot;jet_parallax_layout_fx_direction&quot;:null,&quot;jet_parallax_layout_z_index&quot;:&quot;&quot;,&quot;jet_parallax_layout_bg_x&quot;:50,&quot;jet_parallax_layout_bg_x_tablet&quot;:&quot;&quot;,&quot;jet_parallax_layout_bg_x_mobile&quot;:&quot;&quot;,&quot;jet_parallax_layout_bg_y&quot;:50,&quot;jet_parallax_layout_bg_y_tablet&quot;:&quot;&quot;,&quot;jet_parallax_layout_bg_y_mobile&quot;:&quot;&quot;,&quot;jet_parallax_layout_bg_size&quot;:&quot;auto&quot;,&quot;jet_parallax_layout_bg_size_tablet&quot;:&quot;&quot;,&quot;jet_parallax_layout_bg_size_mobile&quot;:&quot;&quot;,&quot;jet_parallax_layout_animation_prop&quot;:&quot;transform&quot;,&quot;jet_parallax_layout_on&quot;:[&quot;desktop&quot;,&quot;tablet&quot;]}],&quot;background_background&quot;:&quot;classic&quot;,&quot;stretch_section&quot;:&quot;section-stretched&quot;}\">\n\t\t\t\t\t\t<div class=\"elementor-container elementor-column-gap-default\">\n\t\t\t\t\t<div class=\"elementor-column elementor-col-100 elementor-top-column elementor-element elementor-element-9ffcf5b\" data-id=\"9ffcf5b\" data-element_type=\"column\" data-e-type=\"column\">\n\t\t\t<div class=\"elementor-widget-wrap elementor-element-populated\">\n\t\t\t\t\t\t<div class=\"elementor-element elementor-element-2a323d5 elementor-widget elementor-widget-text-editor\" data-id=\"2a323d5\" data-element_type=\"widget\" data-e-type=\"widget\" data-widget_type=\"text-editor.default\">\n\t\t\t\t<div class=\"elementor-widget-container\">\n\t\t\t\t\t\t\t\t\t<h1 style=\"text-align: left;\">Clinique Dentaire\u00a01935\u00a0: votre dentiste pr\u00e8s d\u2019Hochelaga<\/h1>\t\t\t\t\t\t\t\t<\/div>\n\t\t\t\t<\/div>\n\t\t\t\t<div class=\"elementor-element elementor-element-5e0b3ff btn-container btn-container--blue elementor-align-left elementor-widget elementor-widget-button\" data-id=\"5e0b3ff\" data-element_type=\"widget\" data-e-type=\"widget\" data-widget_type=\"button.default\">\n\t\t\t\t<div class=\"elementor-widget-container\">\n\t\t\t\t\t\t\t\t\t<div class=\"elementor-button-wrapper\">\n\t\t\t\t\t<a class=\"elementor-button elementor-button-link elementor-size-sm\" href=\"https:\/\/cliniquedentaire1935.ca\/fr\/nous-joindre\/\">\n\t\t\t\t\t\t<span class=\"elementor-button-content-wrapper\">\n\t\t\t\t\t\t\t\t\t<span class=\"elementor-button-text\">Prise de rendez-vous<\/span>\n\t\t\t\t\t<\/span>\n\t\t\t\t\t<\/a>\n\t\t\t\t<\/div>\n\t\t\t\t\t\t\t\t<\/div>\n\t\t\t\t<\/div>\n\t\t\t\t\t<\/div>\n\t\t<\/div>\n\t\t\t\t\t<\/div>\n\t\t<\/section>\n\t\t\t\t<section class=\"elementor-section elementor-top-section elementor-element elementor-element-0c52425 elementor-section-stretched row-padding mobile-no-bg elementor-section-boxed elementor-section-height-default elementor-section-height-default\" data-id=\"0c52425\" data-element_type=\"section\" data-e-type=\"section\" data-settings=\"{&quot;stretch_section&quot;:&quot;section-stretched&quot;,&quot;jet_parallax_layout_list&quot;:[{&quot;jet_parallax_layout_image&quot;:{&quot;url&quot;:&quot;&quot;,&quot;id&quot;:&quot;&quot;,&quot;size&quot;:&quot;&quot;},&quot;_id&quot;:&quot;147723a&quot;,&quot;jet_parallax_layout_image_tablet&quot;:{&quot;url&quot;:&quot;&quot;,&quot;id&quot;:&quot;&quot;,&quot;size&quot;:&quot;&quot;},&quot;jet_parallax_layout_image_mobile&quot;:{&quot;url&quot;:&quot;&quot;,&quot;id&quot;:&quot;&quot;,&quot;size&quot;:&quot;&quot;},&quot;jet_parallax_layout_speed&quot;:{&quot;unit&quot;:&quot;%&quot;,&quot;size&quot;:50,&quot;sizes&quot;:[]},&quot;jet_parallax_layout_type&quot;:&quot;scroll&quot;,&quot;jet_parallax_layout_direction&quot;:&quot;1&quot;,&quot;jet_parallax_layout_fx_direction&quot;:null,&quot;jet_parallax_layout_z_index&quot;:&quot;&quot;,&quot;jet_parallax_layout_bg_x&quot;:50,&quot;jet_parallax_layout_bg_x_tablet&quot;:&quot;&quot;,&quot;jet_parallax_layout_bg_x_mobile&quot;:&quot;&quot;,&quot;jet_parallax_layout_bg_y&quot;:50,&quot;jet_parallax_layout_bg_y_tablet&quot;:&quot;&quot;,&quot;jet_parallax_layout_bg_y_mobile&quot;:&quot;&quot;,&quot;jet_parallax_layout_bg_size&quot;:&quot;auto&quot;,&quot;jet_parallax_layout_bg_size_tablet&quot;:&quot;&quot;,&quot;jet_parallax_layout_bg_size_mobile&quot;:&quot;&quot;,&quot;jet_parallax_layout_animation_prop&quot;:&quot;transform&quot;,&quot;jet_parallax_layout_on&quot;:[&quot;desktop&quot;,&quot;tablet&quot;]}],&quot;background_background&quot;:&quot;classic&quot;}\">\n\t\t\t\t\t\t<div class=\"elementor-container elementor-column-gap-default\">\n\t\t\t\t\t<div class=\"elementor-column elementor-col-50 elementor-top-column elementor-element elementor-element-02cb892\" data-id=\"02cb892\" data-element_type=\"column\" data-e-type=\"column\" data-settings=\"{&quot;background_background&quot;:&quot;classic&quot;}\">\n\t\t\t<div class=\"elementor-widget-wrap\">\n\t\t\t\t\t\t\t<\/div>\n\t\t<\/div>\n\t\t\t\t<div class=\"elementor-column elementor-col-50 elementor-top-column elementor-element elementor-element-6efcccc\" data-id=\"6efcccc\" data-element_type=\"column\" data-e-type=\"column\">\n\t\t\t<div class=\"elementor-widget-wrap elementor-element-populated\">\n\t\t\t\t\t\t<div class=\"elementor-element elementor-element-a82c9c3 elementor-widget elementor-widget-text-editor\" data-id=\"a82c9c3\" data-element_type=\"widget\" data-e-type=\"widget\" data-widget_type=\"text-editor.default\">\n\t\t\t\t<div class=\"elementor-widget-container\">\n\t\t\t\t\t\t\t\t\t<p>Depuis plusieurs d\u00e9cennies maintenant, notre clinique s\u2019engage dans le bien-\u00eatre total de ses patients, fournissant un large \u00e9ventail de services dentaires esth\u00e9tiques et curatifs. Arm\u00e9s d\u2019\u00e9quipements de pointe, nos <a href=\"https:\/\/cliniquedentaire1935.ca\/fr\/\">dentistes \u00e0 Montr\u00e9al<\/a> vous d\u00e9livrent des soins de la plus haute qualit\u00e9.<\/p>\t\t\t\t\t\t\t\t<\/div>\n\t\t\t\t<\/div>\n\t\t\t\t<div class=\"elementor-element elementor-element-40312a4 btn-container btn-container--blue elementor-align-center elementor-widget elementor-widget-button\" data-id=\"40312a4\" data-element_type=\"widget\" data-e-type=\"widget\" data-widget_type=\"button.default\">\n\t\t\t\t<div class=\"elementor-widget-container\">\n\t\t\t\t\t\t\t\t\t<div class=\"elementor-button-wrapper\">\n\t\t\t\t\t<a class=\"elementor-button elementor-button-link elementor-size-sm\" href=\"https:\/\/cliniquedentaire1935.ca\/fr\/nous-joindre\/\">\n\t\t\t\t\t\t<span class=\"elementor-button-content-wrapper\">\n\t\t\t\t\t\t\t\t\t<span class=\"elementor-button-text\">Prenez rendez-vous<\/span>\n\t\t\t\t\t<\/span>\n\t\t\t\t\t<\/a>\n\t\t\t\t<\/div>\n\t\t\t\t\t\t\t\t<\/div>\n\t\t\t\t<\/div>\n\t\t\t\t\t<\/div>\n\t\t<\/div>\n\t\t\t\t\t<\/div>\n\t\t<\/section>\n\t\t\t\t<section class=\"elementor-section elementor-top-section elementor-element elementor-element-d246723 elementor-section-boxed elementor-section-height-default elementor-section-height-default\" data-id=\"d246723\" data-element_type=\"section\" data-e-type=\"section\" data-settings=\"{&quot;jet_parallax_layout_list&quot;:[]}\">\n\t\t\t\t\t\t<div class=\"elementor-container elementor-column-gap-default\">\n\t\t\t\t\t<div class=\"elementor-column elementor-col-100 elementor-top-column elementor-element elementor-element-1936ee1\" data-id=\"1936ee1\" data-element_type=\"column\" data-e-type=\"column\">\n\t\t\t<div class=\"elementor-widget-wrap elementor-element-populated\">\n\t\t\t\t\t\t<div class=\"elementor-element elementor-element-3e986f4 elementor-widget elementor-widget-spacer\" data-id=\"3e986f4\" data-element_type=\"widget\" data-e-type=\"widget\" data-widget_type=\"spacer.default\">\n\t\t\t\t<div class=\"elementor-widget-container\">\n\t\t\t\t\t\t\t<div class=\"elementor-spacer\">\n\t\t\t<div class=\"elementor-spacer-inner\"><\/div>\n\t\t<\/div>\n\t\t\t\t\t\t<\/div>\n\t\t\t\t<\/div>\n\t\t\t\t\t<\/div>\n\t\t<\/div>\n\t\t\t\t\t<\/div>\n\t\t<\/section>\n\t\t\t\t<section class=\"elementor-section elementor-top-section elementor-element elementor-element-01b2485 elementor-section-boxed elementor-section-height-default elementor-section-height-default\" data-id=\"01b2485\" data-element_type=\"section\" data-e-type=\"section\" data-settings=\"{&quot;jet_parallax_layout_list&quot;:[]}\">\n\t\t\t\t\t\t<div class=\"elementor-container elementor-column-gap-default\">\n\t\t\t\t\t<div class=\"elementor-column elementor-col-100 elementor-top-column elementor-element elementor-element-fb8feab\" data-id=\"fb8feab\" data-element_type=\"column\" data-e-type=\"column\">\n\t\t\t<div class=\"elementor-widget-wrap elementor-element-populated\">\n\t\t\t\t\t\t<div class=\"elementor-element elementor-element-bdbf8f2 elementor-widget elementor-widget-text-editor\" data-id=\"bdbf8f2\" data-element_type=\"widget\" data-e-type=\"widget\" data-widget_type=\"text-editor.default\">\n\t\t\t\t<div class=\"elementor-widget-container\">\n\t\t\t\t\t\t\t\t\t<h2 style=\"text-align: center;\"><span style=\"color: #000000;\"><strong>Une \u00e9quipe de dentistes d\u00e9vou\u00e9s et professionnels<\/strong><\/span><\/h2><p style=\"text-align: left;\">Notre cabinet est compos\u00e9 d\u2019une <a href=\"https:\/\/cliniquedentaire1935.ca\/fr\/clinique\/\">\u00e9quipe de professionnels de la sant\u00e9 dentaire<\/a>, poss\u00e9dant une expertise approfondie et une passion pour l\u2019excellence en dentisterie. En formation continue, nos dentistes ma\u00eetrisent les techniques les plus avanc\u00e9es, assurant ainsi des soins de premier ordre et minimisant l\u2019inconfort. \u00c0 l\u2019\u00e9coute de vos besoins, ils s\u2019engagent \u00e0 vous accompagner avec des conseils judicieux et des informations transparentes, vous permettant de prendre les meilleures d\u00e9cisions pour votre sant\u00e9 bucco-dentaire. Venez d\u00e9couvrir une \u00e9quipe qui privil\u00e9gie votre sourire et votre bien-\u00eatre.<\/p><p style=\"text-align: center;\">.<\/p>\t\t\t\t\t\t\t\t<\/div>\n\t\t\t\t<\/div>\n\t\t\t\t\t<\/div>\n\t\t<\/div>\n\t\t\t\t\t<\/div>\n\t\t<\/section>\n\t\t\t\t<section class=\"elementor-section elementor-top-section elementor-element elementor-element-7faddf9 elementor-section-boxed elementor-section-height-default elementor-section-height-default\" data-id=\"7faddf9\" data-element_type=\"section\" data-e-type=\"section\" data-settings=\"{&quot;jet_parallax_layout_list&quot;:[]}\">\n\t\t\t\t\t\t<div class=\"elementor-container elementor-column-gap-default\">\n\t\t\t\t\t<div class=\"elementor-column elementor-col-100 elementor-top-column elementor-element elementor-element-f7321b3\" data-id=\"f7321b3\" data-element_type=\"column\" data-e-type=\"column\">\n\t\t\t<div class=\"elementor-widget-wrap elementor-element-populated\">\n\t\t\t\t\t\t<div class=\"elementor-element elementor-element-d4a6b61 elementor-widget-divider--view-line elementor-widget elementor-widget-divider\" data-id=\"d4a6b61\" data-element_type=\"widget\" data-e-type=\"widget\" data-widget_type=\"divider.default\">\n\t\t\t\t<div class=\"elementor-widget-container\">\n\t\t\t\t\t\t\t<div class=\"elementor-divider\">\n\t\t\t<span class=\"elementor-divider-separator\">\n\t\t\t\t\t\t<\/span>\n\t\t<\/div>\n\t\t\t\t\t\t<\/div>\n\t\t\t\t<\/div>\n\t\t\t\t\t<\/div>\n\t\t<\/div>\n\t\t\t\t\t<\/div>\n\t\t<\/section>\n\t\t\t\t<section class=\"elementor-section elementor-top-section elementor-element elementor-element-61626d7 elementor-section-boxed elementor-section-height-default elementor-section-height-default\" data-id=\"61626d7\" data-element_type=\"section\" data-e-type=\"section\" data-settings=\"{&quot;jet_parallax_layout_list&quot;:[]}\">\n\t\t\t\t\t\t<div class=\"elementor-container elementor-column-gap-default\">\n\t\t\t\t\t<div class=\"elementor-column elementor-col-100 elementor-top-column elementor-element elementor-element-b7a149b\" data-id=\"b7a149b\" data-element_type=\"column\" data-e-type=\"column\">\n\t\t\t<div class=\"elementor-widget-wrap elementor-element-populated\">\n\t\t\t\t\t\t<div class=\"elementor-element elementor-element-6065237 elementor-widget elementor-widget-text-editor\" data-id=\"6065237\" data-element_type=\"widget\" data-e-type=\"widget\" data-widget_type=\"text-editor.default\">\n\t\t\t\t<div class=\"elementor-widget-container\">\n\t\t\t\t\t\t\t\t\t<h2 style=\"text-align: center;\"><span style=\"color: #000000;\"><strong>Des services dentaires complets \u00e0 Hochelaga<\/strong><\/span><\/h2><p>Notre clinique dentaire situ\u00e9e pr\u00e8s d\u2019Hochelaga offre une gamme \u00e9tendue de services pour r\u00e9pondre \u00e0 tous vos besoins dentaires. Nous sommes fiers de fournir des soins complets, depuis les <a href=\"https:\/\/cliniquedentaire1935.ca\/fr\/soins-dentaires\/nettoyage-dentaire\/\">examens de routine et nettoyages<\/a>, jusqu\u2019aux interventions les plus complexes comme les <a href=\"https:\/\/cliniquedentaire1935.ca\/fr\/implantologie-dentaire\/greffe-osseuse-dentaire\/\">greffes osseuses dentaires<\/a>. Notre objectif est d\u2019assurer que chaque r\u00e9sident d\u2019Hochelaga ait acc\u00e8s \u00e0 des soins dentaires de qualit\u00e9 sup\u00e9rieure.<\/p>\t\t\t\t\t\t\t\t<\/div>\n\t\t\t\t<\/div>\n\t\t\t\t\t<\/div>\n\t\t<\/div>\n\t\t\t\t\t<\/div>\n\t\t<\/section>\n\t\t\t\t<section class=\"elementor-section elementor-top-section elementor-element elementor-element-042ff0d elementor-section-stretched row-padding mobile-no-bg elementor-section-boxed elementor-section-height-default elementor-section-height-default\" data-id=\"042ff0d\" data-element_type=\"section\" data-e-type=\"section\" data-settings=\"{&quot;stretch_section&quot;:&quot;section-stretched&quot;,&quot;jet_parallax_layout_list&quot;:[{&quot;jet_parallax_layout_image&quot;:{&quot;url&quot;:&quot;&quot;,&quot;id&quot;:&quot;&quot;,&quot;size&quot;:&quot;&quot;},&quot;_id&quot;:&quot;147723a&quot;,&quot;jet_parallax_layout_image_tablet&quot;:{&quot;url&quot;:&quot;&quot;,&quot;id&quot;:&quot;&quot;,&quot;size&quot;:&quot;&quot;},&quot;jet_parallax_layout_image_mobile&quot;:{&quot;url&quot;:&quot;&quot;,&quot;id&quot;:&quot;&quot;,&quot;size&quot;:&quot;&quot;},&quot;jet_parallax_layout_speed&quot;:{&quot;unit&quot;:&quot;%&quot;,&quot;size&quot;:50,&quot;sizes&quot;:[]},&quot;jet_parallax_layout_type&quot;:&quot;scroll&quot;,&quot;jet_parallax_layout_direction&quot;:&quot;1&quot;,&quot;jet_parallax_layout_fx_direction&quot;:null,&quot;jet_parallax_layout_z_index&quot;:&quot;&quot;,&quot;jet_parallax_layout_bg_x&quot;:50,&quot;jet_parallax_layout_bg_x_tablet&quot;:&quot;&quot;,&quot;jet_parallax_layout_bg_x_mobile&quot;:&quot;&quot;,&quot;jet_parallax_layout_bg_y&quot;:50,&quot;jet_parallax_layout_bg_y_tablet&quot;:&quot;&quot;,&quot;jet_parallax_layout_bg_y_mobile&quot;:&quot;&quot;,&quot;jet_parallax_layout_bg_size&quot;:&quot;auto&quot;,&quot;jet_parallax_layout_bg_size_tablet&quot;:&quot;&quot;,&quot;jet_parallax_layout_bg_size_mobile&quot;:&quot;&quot;,&quot;jet_parallax_layout_animation_prop&quot;:&quot;transform&quot;,&quot;jet_parallax_layout_on&quot;:[&quot;desktop&quot;,&quot;tablet&quot;]}],&quot;background_background&quot;:&quot;classic&quot;}\">\n\t\t\t\t\t\t<div class=\"elementor-container elementor-column-gap-default\">\n\t\t\t\t\t<div class=\"elementor-column elementor-col-50 elementor-top-column elementor-element elementor-element-f7ad2ef\" data-id=\"f7ad2ef\" data-element_type=\"column\" data-e-type=\"column\" data-settings=\"{&quot;background_background&quot;:&quot;classic&quot;}\">\n\t\t\t<div class=\"elementor-widget-wrap\">\n\t\t\t\t\t\t\t<\/div>\n\t\t<\/div>\n\t\t\t\t<div class=\"elementor-column elementor-col-50 elementor-top-column elementor-element elementor-element-be91149\" data-id=\"be91149\" data-element_type=\"column\" data-e-type=\"column\">\n\t\t\t<div class=\"elementor-widget-wrap elementor-element-populated\">\n\t\t\t\t\t\t<div class=\"elementor-element elementor-element-eeb99b4 blue-text elementor-widget elementor-widget-text-editor\" data-id=\"eeb99b4\" data-element_type=\"widget\" data-e-type=\"widget\" data-widget_type=\"text-editor.default\">\n\t\t\t\t<div class=\"elementor-widget-container\">\n\t\t\t\t\t\t\t\t\t<h2>Pourquoi choisir notre clinique dentaire \u00e0 Hochelaga\u2009?<\/h2>\t\t\t\t\t\t\t\t<\/div>\n\t\t\t\t<\/div>\n\t\t\t\t<div class=\"elementor-element elementor-element-2a235cf beige-bar elementor-widget-divider--view-line elementor-widget elementor-widget-divider\" data-id=\"2a235cf\" data-element_type=\"widget\" data-e-type=\"widget\" data-widget_type=\"divider.default\">\n\t\t\t\t<div class=\"elementor-widget-container\">\n\t\t\t\t\t\t\t<div class=\"elementor-divider\">\n\t\t\t<span class=\"elementor-divider-separator\">\n\t\t\t\t\t\t<\/span>\n\t\t<\/div>\n\t\t\t\t\t\t<\/div>\n\t\t\t\t<\/div>\n\t\t\t\t<div class=\"elementor-element elementor-element-26e38fc elementor-widget elementor-widget-text-editor\" data-id=\"26e38fc\" data-element_type=\"widget\" data-e-type=\"widget\" data-widget_type=\"text-editor.default\">\n\t\t\t\t<div class=\"elementor-widget-container\">\n\t\t\t\t\t\t\t\t\t<p style=\"text-align: left;\">Notre clinique dentaire est un pilier de soins de sant\u00e9 bucco-dentaire. Situ\u00e9e pr\u00e8s du Metro Papineau, elle est r\u00e9put\u00e9e pour son excellence et son engagement envers ses patients. Nous offrons une exp\u00e9rience dentaire sans \u00e9gal, caract\u00e9ris\u00e9e par notre empathie, notre comp\u00e9tence et notre volont\u00e9 d\u2019aller au-del\u00e0 des attentes pour prendre soin de vous et de votre famille.<\/p><h3 style=\"text-align: left;\"><span style=\"color: #000000;\">Technologie avanc\u00e9e et traitements innovants<\/span><\/h3><p style=\"text-align: left;\">Nous \u00e9quipons notre clinique avec la derni\u00e8re technologie dentaire, ce qui nous permet de r\u00e9aliser des diagnostics pr\u00e9cis et de proposer des traitements innovants (<a href=\"https:\/\/cliniquedentaire1935.ca\/fr\/dentisterie-esthetique\/restauration-dentaire-cerec\/\">Restauration dentaire CEREC<\/a>). Des images radiographiques num\u00e9riques aux impressions dentaires 3D, nous disposons des outils n\u00e9cessaires pour des soins de la plus haute qualit\u00e9.<\/p><h3 style=\"text-align: left;\"><span style=\"color: #000000;\">Une approche personnalis\u00e9e pour votre sant\u00e9 buccale<\/span><\/h3><p style=\"text-align: left;\">Chaque sourire est unique, et nous le savons. C\u2019est pourquoi nous offrons des plans de traitement personnalis\u00e9s qui r\u00e9pondent \u00e0 vos besoins sp\u00e9cifiques. Nous prenons le temps de vous \u00e9couter et de comprendre vos objectifs de sant\u00e9 buccale pour vous fournir des soins personnalis\u00e9s qui refl\u00e8tent vos d\u00e9sirs personnels et votre situation sp\u00e9cifique. Appelez-nous d\u00e8s maintenant pour prendre rendez-vous\u2009!<\/p>\t\t\t\t\t\t\t\t<\/div>\n\t\t\t\t<\/div>\n\t\t\t\t<div class=\"elementor-element elementor-element-e190e3d btn-container btn-container--blue elementor-align-center elementor-widget elementor-widget-button\" data-id=\"e190e3d\" data-element_type=\"widget\" data-e-type=\"widget\" data-widget_type=\"button.default\">\n\t\t\t\t<div class=\"elementor-widget-container\">\n\t\t\t\t\t\t\t\t\t<div class=\"elementor-button-wrapper\">\n\t\t\t\t\t<a class=\"elementor-button elementor-button-link elementor-size-sm\" href=\"https:\/\/cliniquedentaire1935.ca\/fr\/nous-joindre\/\">\n\t\t\t\t\t\t<span class=\"elementor-button-content-wrapper\">\n\t\t\t\t\t\t\t\t\t<span class=\"elementor-button-text\">Contactez-nous<\/span>\n\t\t\t\t\t<\/span>\n\t\t\t\t\t<\/a>\n\t\t\t\t<\/div>\n\t\t\t\t\t\t\t\t<\/div>\n\t\t\t\t<\/div>\n\t\t\t\t\t<\/div>\n\t\t<\/div>\n\t\t\t\t\t<\/div>\n\t\t<\/section>\n\t\t\t\t<\/div>\n\t\t","protected":false},"excerpt":{"rendered":"<p>Clinique Dentaire\u00a01935\u00a0: votre dentiste pr\u00e8s d\u2019Hochelaga Prise de rendez-vous Depuis plusieurs d\u00e9cennies maintenant, notre clinique s\u2019engage dans le bien-\u00eatre total de ses patients, fournissant un large \u00e9ventail de services dentaires esth\u00e9tiques et curatifs. Arm\u00e9s d\u2019\u00e9quipements de pointe, nos dentistes \u00e0 Montr\u00e9al vous d\u00e9livrent des soins de la plus haute qualit\u00e9. Prenez rendez-vous Une \u00e9quipe de [&hellip;]<\/p>\n","protected":false},"author":1,"featured_media":0,"parent":0,"menu_order":0,"comment_status":"closed","ping_status":"closed","template":"","meta":{"_acf_changed":false,"footnotes":""},"class_list":["post-10567","page","type-page","status-publish","hentry"],"acf":[],"yoast_head":"<!-- This site is optimized with the Yoast SEO plugin v26.9 - https:\/\/yoast.com\/product\/yoast-seo-wordpress\/ -->\n<title>Dentiste \u00e0 Hochelaga | Clinique Dentaire 1935<\/title>\n<meta name=\"description\" content=\"Les dentistes de notre clinique dentaire \u00e0 Hochelaga combinent expertise et innovation pour vous offrir des soins dentaires de haute qualit\u00e9.\" \/>\n<meta name=\"robots\" content=\"index, follow, max-snippet:-1, max-image-preview:large, max-video-preview:-1\" \/>\n<link rel=\"canonical\" href=\"https:\/\/cliniquedentaire1935.ca\/fr\/dentiste-hochelaga\/\" \/>\n<meta property=\"og:locale\" content=\"fr_FR\" \/>\n<meta property=\"og:type\" content=\"article\" \/>\n<meta property=\"og:title\" content=\"Dentiste \u00e0 Hochelaga | Clinique Dentaire 1935\" \/>\n<meta property=\"og:description\" content=\"Les dentistes de notre clinique dentaire \u00e0 Hochelaga combinent expertise et innovation pour vous offrir des soins dentaires de haute qualit\u00e9.\" \/>\n<meta property=\"og:url\" content=\"https:\/\/cliniquedentaire1935.ca\/fr\/dentiste-hochelaga\/\" \/>\n<meta property=\"og:site_name\" content=\"Clinique Dentaire 1935\" \/>\n<meta property=\"article:modified_time\" content=\"2023-11-20T18:52:24+00:00\" \/>\n<meta name=\"twitter:card\" content=\"summary_large_image\" \/>\n<meta name=\"twitter:label1\" content=\"Est. reading time\" \/>\n\t<meta name=\"twitter:data1\" content=\"3 minutes\" \/>\n<!-- \/ Yoast SEO plugin. -->","yoast_head_json":{"title":"Dentiste \u00e0 Hochelaga | Clinique Dentaire 1935","description":"Les dentistes de notre clinique dentaire \u00e0 Hochelaga combinent expertise et innovation pour vous offrir des soins dentaires de haute qualit\u00e9.","robots":{"index":"index","follow":"follow","max-snippet":"max-snippet:-1","max-image-preview":"max-image-preview:large","max-video-preview":"max-video-preview:-1"},"canonical":"https:\/\/cliniquedentaire1935.ca\/fr\/dentiste-hochelaga\/","og_locale":"fr_FR","og_type":"article","og_title":"Dentiste \u00e0 Hochelaga | Clinique Dentaire 1935","og_description":"Les dentistes de notre clinique dentaire \u00e0 Hochelaga combinent expertise et innovation pour vous offrir des soins dentaires de haute qualit\u00e9.","og_url":"https:\/\/cliniquedentaire1935.ca\/fr\/dentiste-hochelaga\/","og_site_name":"Clinique Dentaire 1935","article_modified_time":"2023-11-20T18:52:24+00:00","twitter_card":"summary_large_image","twitter_misc":{"Est. reading time":"3 minutes"},"schema":{"@context":"https:\/\/schema.org","@graph":[{"@type":"WebPage","@id":"https:\/\/cliniquedentaire1935.ca\/fr\/dentiste-hochelaga\/","url":"https:\/\/cliniquedentaire1935.ca\/fr\/dentiste-hochelaga\/","name":"Dentiste \u00e0 Hochelaga | Clinique Dentaire 1935","isPartOf":{"@id":"https:\/\/cliniquedentaire1935.ca\/fr\/#website"},"datePublished":"2023-11-20T18:49:26+00:00","dateModified":"2023-11-20T18:52:24+00:00","description":"Les dentistes de notre clinique dentaire \u00e0 Hochelaga combinent expertise et innovation pour vous offrir des soins dentaires de haute qualit\u00e9.","breadcrumb":{"@id":"https:\/\/cliniquedentaire1935.ca\/fr\/dentiste-hochelaga\/#breadcrumb"},"inLanguage":"fr-ca","potentialAction":[{"@type":"ReadAction","target":["https:\/\/cliniquedentaire1935.ca\/fr\/dentiste-hochelaga\/"]}]},{"@type":"BreadcrumbList","@id":"https:\/\/cliniquedentaire1935.ca\/fr\/dentiste-hochelaga\/#breadcrumb","itemListElement":[{"@type":"ListItem","position":1,"name":"Clinique dentaire Montr\u00e9al","item":"https:\/\/cliniquedentaire1935.ca\/fr\/"},{"@type":"ListItem","position":2,"name":"Dentiste Hochelaga"}]},{"@type":"WebSite","@id":"https:\/\/cliniquedentaire1935.ca\/fr\/#website","url":"https:\/\/cliniquedentaire1935.ca\/fr\/","name":"Clinique Dentaire 1935","description":"Clinique Dentaire 1935","potentialAction":[{"@type":"SearchAction","target":{"@type":"EntryPoint","urlTemplate":"https:\/\/cliniquedentaire1935.ca\/fr\/?s={search_term_string}"},"query-input":{"@type":"PropertyValueSpecification","valueRequired":true,"valueName":"search_term_string"}}],"inLanguage":"fr-ca"}]}},"_links":{"self":[{"href":"https:\/\/cliniquedentaire1935.ca\/fr\/wp-json\/wp\/v2\/pages\/10567","targetHints":{"allow":["GET"]}}],"collection":[{"href":"https:\/\/cliniquedentaire1935.ca\/fr\/wp-json\/wp\/v2\/pages"}],"about":[{"href":"https:\/\/cliniquedentaire1935.ca\/fr\/wp-json\/wp\/v2\/types\/page"}],"author":[{"embeddable":true,"href":"https:\/\/cliniquedentaire1935.ca\/fr\/wp-json\/wp\/v2\/users\/1"}],"replies":[{"embeddable":true,"href":"https:\/\/cliniquedentaire1935.ca\/fr\/wp-json\/wp\/v2\/comments?post=10567"}],"version-history":[{"count":4,"href":"https:\/\/cliniquedentaire1935.ca\/fr\/wp-json\/wp\/v2\/pages\/10567\/revisions"}],"predecessor-version":[{"id":10591,"href":"https:\/\/cliniquedentaire1935.ca\/fr\/wp-json\/wp\/v2\/pages\/10567\/revisions\/10591"}],"wp:attachment":[{"href":"https:\/\/cliniquedentaire1935.ca\/fr\/wp-json\/wp\/v2\/media?parent=10567"}],"curies":[{"name":"wp","href":"https:\/\/api.w.org\/{rel}","templated":true}]}}