{"id":13984,"date":"2024-12-06T10:59:14","date_gmt":"2024-12-06T15:59:14","guid":{"rendered":"https:\/\/cliniquedentaire1935.ca\/?page_id=13984"},"modified":"2024-12-06T11:02:31","modified_gmt":"2024-12-06T16:02:31","slug":"cdcp","status":"publish","type":"page","link":"https:\/\/cliniquedentaire1935.ca\/en\/cdcp\/","title":{"rendered":"CDCP"},"content":{"rendered":"\t\t<div data-elementor-type=\"wp-post\" data-elementor-id=\"13984\" class=\"elementor elementor-13984 elementor-13983\">\n\t\t\t\t\t\t<section class=\"elementor-section elementor-top-section elementor-element elementor-element-9cb5963 header-section elementor-section-stretched elementor-section-boxed elementor-section-height-default elementor-section-height-default\" data-id=\"9cb5963\" data-element_type=\"section\" data-e-type=\"section\" data-settings=\"{&quot;jet_parallax_layout_list&quot;:[{&quot;jet_parallax_layout_image&quot;:{&quot;url&quot;:&quot;&quot;,&quot;id&quot;:&quot;&quot;,&quot;size&quot;:&quot;&quot;},&quot;_id&quot;:&quot;eb59214&quot;,&quot;jet_parallax_layout_image_tablet&quot;:{&quot;url&quot;:&quot;&quot;,&quot;id&quot;:&quot;&quot;,&quot;size&quot;:&quot;&quot;},&quot;jet_parallax_layout_image_mobile&quot;:{&quot;url&quot;:&quot;&quot;,&quot;id&quot;:&quot;&quot;,&quot;size&quot;:&quot;&quot;},&quot;jet_parallax_layout_speed&quot;:{&quot;unit&quot;:&quot;%&quot;,&quot;size&quot;:50,&quot;sizes&quot;:[]},&quot;jet_parallax_layout_type&quot;:&quot;scroll&quot;,&quot;jet_parallax_layout_direction&quot;:&quot;1&quot;,&quot;jet_parallax_layout_fx_direction&quot;:null,&quot;jet_parallax_layout_z_index&quot;:&quot;&quot;,&quot;jet_parallax_layout_bg_x&quot;:50,&quot;jet_parallax_layout_bg_x_tablet&quot;:&quot;&quot;,&quot;jet_parallax_layout_bg_x_mobile&quot;:&quot;&quot;,&quot;jet_parallax_layout_bg_y&quot;:50,&quot;jet_parallax_layout_bg_y_tablet&quot;:&quot;&quot;,&quot;jet_parallax_layout_bg_y_mobile&quot;:&quot;&quot;,&quot;jet_parallax_layout_bg_size&quot;:&quot;auto&quot;,&quot;jet_parallax_layout_bg_size_tablet&quot;:&quot;&quot;,&quot;jet_parallax_layout_bg_size_mobile&quot;:&quot;&quot;,&quot;jet_parallax_layout_animation_prop&quot;:&quot;transform&quot;,&quot;jet_parallax_layout_on&quot;:[&quot;desktop&quot;,&quot;tablet&quot;]}],&quot;background_background&quot;:&quot;classic&quot;,&quot;stretch_section&quot;:&quot;section-stretched&quot;}\">\n\t\t\t\t\t\t<div class=\"elementor-container elementor-column-gap-default\">\n\t\t\t\t\t<div class=\"elementor-column elementor-col-100 elementor-top-column elementor-element elementor-element-dc7e145\" data-id=\"dc7e145\" data-element_type=\"column\" data-e-type=\"column\">\n\t\t\t<div class=\"elementor-widget-wrap elementor-element-populated\">\n\t\t\t\t\t\t<div class=\"elementor-element elementor-element-3b3beef elementor-widget elementor-widget-text-editor\" data-id=\"3b3beef\" data-element_type=\"widget\" data-e-type=\"widget\" data-widget_type=\"text-editor.default\">\n\t\t\t\t<div class=\"elementor-widget-container\">\n\t\t\t\t\t\t\t\t\t<h1>The Canadian Dental Care Plan (CDCP)<\/h1>\t\t\t\t\t\t\t\t<\/div>\n\t\t\t\t<\/div>\n\t\t\t\t<div class=\"elementor-element elementor-element-6737898 btn-container btn-container--blue elementor-align-left elementor-widget elementor-widget-button\" data-id=\"6737898\" data-element_type=\"widget\" data-e-type=\"widget\" data-widget_type=\"button.default\">\n\t\t\t\t<div class=\"elementor-widget-container\">\n\t\t\t\t\t\t\t\t\t<div class=\"elementor-button-wrapper\">\n\t\t\t\t\t<a class=\"elementor-button elementor-button-link elementor-size-sm\" href=\"https:\/\/cliniquedentaire1935.ca\/en\/contact\/\">\n\t\t\t\t\t\t<span class=\"elementor-button-content-wrapper\">\n\t\t\t\t\t\t\t\t\t<span class=\"elementor-button-text\">Take an appointment<\/span>\n\t\t\t\t\t<\/span>\n\t\t\t\t\t<\/a>\n\t\t\t\t<\/div>\n\t\t\t\t\t\t\t\t<\/div>\n\t\t\t\t<\/div>\n\t\t\t\t\t<\/div>\n\t\t<\/div>\n\t\t\t\t\t<\/div>\n\t\t<\/section>\n\t\t\t\t<section class=\"elementor-section elementor-top-section elementor-element elementor-element-491ee72 row-padding elementor-section-stretched elementor-section-boxed elementor-section-height-default elementor-section-height-default\" data-id=\"491ee72\" data-element_type=\"section\" data-e-type=\"section\" data-settings=\"{&quot;jet_parallax_layout_list&quot;:[{&quot;jet_parallax_layout_image&quot;:{&quot;url&quot;:&quot;&quot;,&quot;id&quot;:&quot;&quot;,&quot;size&quot;:&quot;&quot;},&quot;_id&quot;:&quot;5a04a9a&quot;,&quot;jet_parallax_layout_image_tablet&quot;:{&quot;url&quot;:&quot;&quot;,&quot;id&quot;:&quot;&quot;,&quot;size&quot;:&quot;&quot;},&quot;jet_parallax_layout_image_mobile&quot;:{&quot;url&quot;:&quot;&quot;,&quot;id&quot;:&quot;&quot;,&quot;size&quot;:&quot;&quot;},&quot;jet_parallax_layout_speed&quot;:{&quot;unit&quot;:&quot;%&quot;,&quot;size&quot;:50,&quot;sizes&quot;:[]},&quot;jet_parallax_layout_type&quot;:&quot;scroll&quot;,&quot;jet_parallax_layout_direction&quot;:&quot;1&quot;,&quot;jet_parallax_layout_fx_direction&quot;:null,&quot;jet_parallax_layout_z_index&quot;:&quot;&quot;,&quot;jet_parallax_layout_bg_x&quot;:50,&quot;jet_parallax_layout_bg_x_tablet&quot;:&quot;&quot;,&quot;jet_parallax_layout_bg_x_mobile&quot;:&quot;&quot;,&quot;jet_parallax_layout_bg_y&quot;:50,&quot;jet_parallax_layout_bg_y_tablet&quot;:&quot;&quot;,&quot;jet_parallax_layout_bg_y_mobile&quot;:&quot;&quot;,&quot;jet_parallax_layout_bg_size&quot;:&quot;auto&quot;,&quot;jet_parallax_layout_bg_size_tablet&quot;:&quot;&quot;,&quot;jet_parallax_layout_bg_size_mobile&quot;:&quot;&quot;,&quot;jet_parallax_layout_animation_prop&quot;:&quot;transform&quot;,&quot;jet_parallax_layout_on&quot;:[&quot;desktop&quot;,&quot;tablet&quot;]}],&quot;background_background&quot;:&quot;classic&quot;,&quot;stretch_section&quot;:&quot;section-stretched&quot;}\">\n\t\t\t\t\t\t<div class=\"elementor-container elementor-column-gap-wider\">\n\t\t\t\t\t<div class=\"elementor-column elementor-col-50 elementor-top-column elementor-element elementor-element-5ce1e5e\" data-id=\"5ce1e5e\" data-element_type=\"column\" data-e-type=\"column\">\n\t\t\t<div class=\"elementor-widget-wrap elementor-element-populated\">\n\t\t\t\t\t\t<div class=\"elementor-element elementor-element-a9d40f7 image-blue-bg-effect elementor-widget elementor-widget-image\" data-id=\"a9d40f7\" data-element_type=\"widget\" data-e-type=\"widget\" data-widget_type=\"image.default\">\n\t\t\t\t<div class=\"elementor-widget-container\">\n\t\t\t\t\t\t\t\t\t\t\t\t\t\t\t<img fetchpriority=\"high\" decoding=\"async\" width=\"751\" height=\"505\" src=\"https:\/\/cliniquedentaire1935.ca\/wp-content\/uploads\/2019\/05\/img-intro-la-clinique.jpg\" class=\"attachment-medium_large size-medium_large wp-image-179\" alt=\"Sp\u00e9cialistes bucco-dentaires \u00e0 Montr\u00e9al\" srcset=\"https:\/\/cliniquedentaire1935.ca\/wp-content\/uploads\/2019\/05\/img-intro-la-clinique.jpg 751w, https:\/\/cliniquedentaire1935.ca\/wp-content\/uploads\/2019\/05\/img-intro-la-clinique-300x202.jpg 300w\" sizes=\"(max-width: 751px) 100vw, 751px\" \/>\t\t\t\t\t\t\t\t\t\t\t\t\t\t\t<\/div>\n\t\t\t\t<\/div>\n\t\t\t\t\t<\/div>\n\t\t<\/div>\n\t\t\t\t<div class=\"elementor-column elementor-col-50 elementor-top-column elementor-element elementor-element-f033cc0\" data-id=\"f033cc0\" data-element_type=\"column\" data-e-type=\"column\">\n\t\t\t<div class=\"elementor-widget-wrap elementor-element-populated\">\n\t\t\t\t\t\t<div class=\"elementor-element elementor-element-4af6e22 elementor-hidden-phone elementor-widget elementor-widget-spacer\" data-id=\"4af6e22\" data-element_type=\"widget\" data-e-type=\"widget\" data-widget_type=\"spacer.default\">\n\t\t\t\t<div class=\"elementor-widget-container\">\n\t\t\t\t\t\t\t<div class=\"elementor-spacer\">\n\t\t\t<div class=\"elementor-spacer-inner\"><\/div>\n\t\t<\/div>\n\t\t\t\t\t\t<\/div>\n\t\t\t\t<\/div>\n\t\t\t\t<div class=\"elementor-element elementor-element-68d829a elementor-widget elementor-widget-text-editor\" data-id=\"68d829a\" data-element_type=\"widget\" data-e-type=\"widget\" data-widget_type=\"text-editor.default\">\n\t\t\t\t<div class=\"elementor-widget-container\">\n\t\t\t\t\t\t\t\t\t<p>The Canadian Dental Care Plan (CDCP), launched in May 2024, marks a significant step toward making dental care more accessible. Clinique Dentaire 1935 fully supports this initiative and is here to help you maximize the benefits of this program.<\/p><p>\u00a0<\/p><p><strong>Services Covered by the CDCP<\/strong><\/p><p>The CDCP includes a range of essential dental services, such as:<\/p><ul><li>Oral examinations and cleanings.<\/li><li>Restorative treatments like fillings and root canals.<\/li><li>Tooth extractions and certain surgical procedures.<\/li><\/ul>\t\t\t\t\t\t\t\t<\/div>\n\t\t\t\t<\/div>\n\t\t\t\t<div class=\"elementor-element elementor-element-a6792b0 elementor-hidden-phone elementor-widget elementor-widget-spacer\" data-id=\"a6792b0\" data-element_type=\"widget\" data-e-type=\"widget\" data-widget_type=\"spacer.default\">\n\t\t\t\t<div class=\"elementor-widget-container\">\n\t\t\t\t\t\t\t<div class=\"elementor-spacer\">\n\t\t\t<div class=\"elementor-spacer-inner\"><\/div>\n\t\t<\/div>\n\t\t\t\t\t\t<\/div>\n\t\t\t\t<\/div>\n\t\t\t\t\t<\/div>\n\t\t<\/div>\n\t\t\t\t\t<\/div>\n\t\t<\/section>\n\t\t\t\t<section class=\"elementor-section elementor-top-section elementor-element elementor-element-27c355f elementor-section-stretched row-padding elementor-section-boxed elementor-section-height-default elementor-section-height-default\" data-id=\"27c355f\" data-element_type=\"section\" data-e-type=\"section\" data-settings=\"{&quot;stretch_section&quot;:&quot;section-stretched&quot;,&quot;jet_parallax_layout_list&quot;:[{&quot;jet_parallax_layout_image&quot;:{&quot;url&quot;:&quot;&quot;,&quot;id&quot;:&quot;&quot;,&quot;size&quot;:&quot;&quot;},&quot;_id&quot;:&quot;4233c64&quot;,&quot;jet_parallax_layout_image_tablet&quot;:{&quot;url&quot;:&quot;&quot;,&quot;id&quot;:&quot;&quot;,&quot;size&quot;:&quot;&quot;},&quot;jet_parallax_layout_image_mobile&quot;:{&quot;url&quot;:&quot;&quot;,&quot;id&quot;:&quot;&quot;,&quot;size&quot;:&quot;&quot;},&quot;jet_parallax_layout_speed&quot;:{&quot;unit&quot;:&quot;%&quot;,&quot;size&quot;:50,&quot;sizes&quot;:[]},&quot;jet_parallax_layout_type&quot;:&quot;scroll&quot;,&quot;jet_parallax_layout_direction&quot;:&quot;1&quot;,&quot;jet_parallax_layout_fx_direction&quot;:null,&quot;jet_parallax_layout_z_index&quot;:&quot;&quot;,&quot;jet_parallax_layout_bg_x&quot;:50,&quot;jet_parallax_layout_bg_x_tablet&quot;:&quot;&quot;,&quot;jet_parallax_layout_bg_x_mobile&quot;:&quot;&quot;,&quot;jet_parallax_layout_bg_y&quot;:50,&quot;jet_parallax_layout_bg_y_tablet&quot;:&quot;&quot;,&quot;jet_parallax_layout_bg_y_mobile&quot;:&quot;&quot;,&quot;jet_parallax_layout_bg_size&quot;:&quot;auto&quot;,&quot;jet_parallax_layout_bg_size_tablet&quot;:&quot;&quot;,&quot;jet_parallax_layout_bg_size_mobile&quot;:&quot;&quot;,&quot;jet_parallax_layout_animation_prop&quot;:&quot;transform&quot;,&quot;jet_parallax_layout_on&quot;:[&quot;desktop&quot;,&quot;tablet&quot;]}],&quot;background_background&quot;:&quot;classic&quot;}\">\n\t\t\t\t\t\t<div class=\"elementor-container elementor-column-gap-default\">\n\t\t\t\t\t<div class=\"elementor-column elementor-col-100 elementor-top-column elementor-element elementor-element-46393af\" data-id=\"46393af\" data-element_type=\"column\" data-e-type=\"column\">\n\t\t\t<div class=\"elementor-widget-wrap elementor-element-populated\">\n\t\t\t\t\t\t<div class=\"elementor-element elementor-element-112c45a blue-text elementor-widget elementor-widget-text-editor\" data-id=\"112c45a\" data-element_type=\"widget\" data-e-type=\"widget\" data-widget_type=\"text-editor.default\">\n\t\t\t\t<div class=\"elementor-widget-container\">\n\t\t\t\t\t\t\t\t\t<h2 style=\"text-align: center;\">Which Services Are Not Covered by the CDCP?<\/h2>\t\t\t\t\t\t\t\t<\/div>\n\t\t\t\t<\/div>\n\t\t\t\t<div class=\"elementor-element elementor-element-1b657c7 elementor-widget elementor-widget-text-editor\" data-id=\"1b657c7\" data-element_type=\"widget\" data-e-type=\"widget\" data-widget_type=\"text-editor.default\">\n\t\t\t\t<div class=\"elementor-widget-container\">\n\t\t\t\t\t\t\t\t\t<ul><li>Composite or ceramic veneers<\/li><li>Teeth whitening<\/li><li>Inlays<\/li><li>Fixed prostheses (bridges)<\/li><li>Bruxism appliances<\/li><li>Mouthguards<\/li><li>Implants and any procedures related to implants<\/li><li>Bone grafts<\/li><li>Complex complete\/partial dentures<\/li><li>Major rehabilitations<\/li><\/ul><h2 style=\"text-align: center;\">How to prepare for your appointment<\/h2><ul><li>Verify your eligibility for the CDCP.<\/li><li>Bring your CDCP card and a valid ID.<\/li><li>Be ready to cover expenses not reimbursed by the program.<\/li><\/ul><h2 style=\"text-align: center;\">Why choose Clinique Dentaire 1935?<\/h2><p>We take pride in providing excellent dental care while adhering to principles of fairness and transparency. Our pricing is the same for all patients, and our team is available to answer your questions about the CDCP.<\/p><p>Clinique Dentaire 1935 is here to simplify your experience with the CDCP and ensure your oral health is well taken care of. Feel free to book an appointment or contact us for more information.<\/p>\t\t\t\t\t\t\t\t<\/div>\n\t\t\t\t<\/div>\n\t\t\t\t<div class=\"elementor-element elementor-element-9c379ea btn-container btn-container--blue elementor-align-center elementor-widget elementor-widget-button\" data-id=\"9c379ea\" data-element_type=\"widget\" data-e-type=\"widget\" data-widget_type=\"button.default\">\n\t\t\t\t<div class=\"elementor-widget-container\">\n\t\t\t\t\t\t\t\t\t<div class=\"elementor-button-wrapper\">\n\t\t\t\t\t<a class=\"elementor-button elementor-button-link elementor-size-sm\" href=\"https:\/\/cliniquedentaire1935.ca\/en\/contact\/\">\n\t\t\t\t\t\t<span class=\"elementor-button-content-wrapper\">\n\t\t\t\t\t\t\t\t\t<span class=\"elementor-button-text\">Contact us<\/span>\n\t\t\t\t\t<\/span>\n\t\t\t\t\t<\/a>\n\t\t\t\t<\/div>\n\t\t\t\t\t\t\t\t<\/div>\n\t\t\t\t<\/div>\n\t\t\t\t\t<\/div>\n\t\t<\/div>\n\t\t\t\t\t<\/div>\n\t\t<\/section>\n\t\t\t\t<section class=\"elementor-section elementor-top-section elementor-element elementor-element-7b754a7 elementor-section-stretched row-padding mobile-no-bg elementor-section-boxed elementor-section-height-default elementor-section-height-default\" data-id=\"7b754a7\" data-element_type=\"section\" data-e-type=\"section\" data-settings=\"{&quot;stretch_section&quot;:&quot;section-stretched&quot;,&quot;jet_parallax_layout_list&quot;:[{&quot;jet_parallax_layout_image&quot;:{&quot;url&quot;:&quot;&quot;,&quot;id&quot;:&quot;&quot;,&quot;size&quot;:&quot;&quot;},&quot;_id&quot;:&quot;147723a&quot;,&quot;jet_parallax_layout_image_tablet&quot;:{&quot;url&quot;:&quot;&quot;,&quot;id&quot;:&quot;&quot;,&quot;size&quot;:&quot;&quot;},&quot;jet_parallax_layout_image_mobile&quot;:{&quot;url&quot;:&quot;&quot;,&quot;id&quot;:&quot;&quot;,&quot;size&quot;:&quot;&quot;},&quot;jet_parallax_layout_speed&quot;:{&quot;unit&quot;:&quot;%&quot;,&quot;size&quot;:50,&quot;sizes&quot;:[]},&quot;jet_parallax_layout_type&quot;:&quot;scroll&quot;,&quot;jet_parallax_layout_direction&quot;:&quot;1&quot;,&quot;jet_parallax_layout_fx_direction&quot;:null,&quot;jet_parallax_layout_z_index&quot;:&quot;&quot;,&quot;jet_parallax_layout_bg_x&quot;:50,&quot;jet_parallax_layout_bg_x_tablet&quot;:&quot;&quot;,&quot;jet_parallax_layout_bg_x_mobile&quot;:&quot;&quot;,&quot;jet_parallax_layout_bg_y&quot;:50,&quot;jet_parallax_layout_bg_y_tablet&quot;:&quot;&quot;,&quot;jet_parallax_layout_bg_y_mobile&quot;:&quot;&quot;,&quot;jet_parallax_layout_bg_size&quot;:&quot;auto&quot;,&quot;jet_parallax_layout_bg_size_tablet&quot;:&quot;&quot;,&quot;jet_parallax_layout_bg_size_mobile&quot;:&quot;&quot;,&quot;jet_parallax_layout_animation_prop&quot;:&quot;transform&quot;,&quot;jet_parallax_layout_on&quot;:[&quot;desktop&quot;,&quot;tablet&quot;]}],&quot;background_background&quot;:&quot;classic&quot;}\">\n\t\t\t\t\t\t<div class=\"elementor-container elementor-column-gap-default\">\n\t\t\t\t\t<div class=\"elementor-column elementor-col-50 elementor-top-column elementor-element elementor-element-2038b95\" data-id=\"2038b95\" data-element_type=\"column\" data-e-type=\"column\">\n\t\t\t<div class=\"elementor-widget-wrap\">\n\t\t\t\t\t\t\t<\/div>\n\t\t<\/div>\n\t\t\t\t<div class=\"elementor-column elementor-col-50 elementor-top-column elementor-element elementor-element-b22d795\" data-id=\"b22d795\" data-element_type=\"column\" data-e-type=\"column\">\n\t\t\t<div class=\"elementor-widget-wrap elementor-element-populated\">\n\t\t\t\t\t\t<div class=\"elementor-element elementor-element-ceae4cb blue-text elementor-widget elementor-widget-text-editor\" data-id=\"ceae4cb\" data-element_type=\"widget\" data-e-type=\"widget\" data-widget_type=\"text-editor.default\">\n\t\t\t\t<div class=\"elementor-widget-container\">\n\t\t\t\t\t\t\t\t\t<h2>You can trust the dentists at Clinique Dentaire 1935 in Montreal<\/h2>\t\t\t\t\t\t\t\t<\/div>\n\t\t\t\t<\/div>\n\t\t\t\t<div class=\"elementor-element elementor-element-d97bab4 beige-bar elementor-widget-divider--view-line elementor-widget elementor-widget-divider\" data-id=\"d97bab4\" data-element_type=\"widget\" data-e-type=\"widget\" data-widget_type=\"divider.default\">\n\t\t\t\t<div class=\"elementor-widget-container\">\n\t\t\t\t\t\t\t<div class=\"elementor-divider\">\n\t\t\t<span class=\"elementor-divider-separator\">\n\t\t\t\t\t\t<\/span>\n\t\t<\/div>\n\t\t\t\t\t\t<\/div>\n\t\t\t\t<\/div>\n\t\t\t\t<div class=\"elementor-element elementor-element-d59fb78 elementor-widget elementor-widget-text-editor\" data-id=\"d59fb78\" data-element_type=\"widget\" data-e-type=\"widget\" data-widget_type=\"text-editor.default\">\n\t\t\t\t<div class=\"elementor-widget-container\">\n\t\t\t\t\t\t\t\t\t<div class=\"elementor-element elementor-element-d59fb78 elementor-widget elementor-widget-text-editor\" data-id=\"d59fb78\" data-element_type=\"widget\" data-widget_type=\"text-editor.default\"><div class=\"elementor-widget-container\"><p>Whether for a simple check-up, for dental cleaning and scaling, for an emergency intervention or for a cosmetic concern, we invite you to <a href=\"https:\/\/cliniquedentaire1935.ca\/en\/contact\/\">consult us<\/a>. Our dental clinic offers high quality general dentistry services.<\/p><p>Our dentists are always attentive to your expectations and care about your comfort. They practice dentistry with great care, respect and gentleness.<\/p><p><strong>WELCOME NEW PATIENTS!<\/strong><\/p><\/div><\/div>\t\t\t\t\t\t\t\t<\/div>\n\t\t\t\t<\/div>\n\t\t\t\t<div class=\"elementor-element elementor-element-8de0350 btn-container btn-container--blue elementor-widget elementor-widget-button\" data-id=\"8de0350\" data-element_type=\"widget\" data-e-type=\"widget\" data-widget_type=\"button.default\">\n\t\t\t\t<div class=\"elementor-widget-container\">\n\t\t\t\t\t\t\t\t\t<div class=\"elementor-button-wrapper\">\n\t\t\t\t\t<a class=\"elementor-button elementor-button-link elementor-size-sm\" href=\"https:\/\/cliniquedentaire1935.ca\/en\/contact\/\">\n\t\t\t\t\t\t<span class=\"elementor-button-content-wrapper\">\n\t\t\t\t\t\t\t\t\t<span class=\"elementor-button-text\">Contact us<\/span>\n\t\t\t\t\t<\/span>\n\t\t\t\t\t<\/a>\n\t\t\t\t<\/div>\n\t\t\t\t\t\t\t\t<\/div>\n\t\t\t\t<\/div>\n\t\t\t\t\t<\/div>\n\t\t<\/div>\n\t\t\t\t\t<\/div>\n\t\t<\/section>\n\t\t\t\t<\/div>\n\t\t","protected":false},"excerpt":{"rendered":"<p>The Canadian Dental Care Plan (CDCP) Take an appointment The Canadian Dental Care Plan (CDCP), launched in May 2024, marks a significant step toward making dental care more accessible. Clinique Dentaire 1935 fully supports this initiative and is here to help you maximize the benefits of this program. \u00a0 Services Covered by the CDCP The [&hellip;]<\/p>\n","protected":false},"author":1,"featured_media":0,"parent":0,"menu_order":0,"comment_status":"closed","ping_status":"closed","template":"","meta":{"_acf_changed":false,"footnotes":""},"class_list":["post-13984","page","type-page","status-publish","hentry"],"acf":[],"yoast_head":"<!-- This site is optimized with the Yoast SEO plugin v26.9 - https:\/\/yoast.com\/product\/yoast-seo-wordpress\/ -->\n<title>Canadian Dental Care Plan (CDCP) | Clinique Dentaire 1935<\/title>\n<meta name=\"description\" content=\"Take full advantage of the Canadian Dental Care Plan (CDCP) with Clinique Dentaire 1935. Learn more about the covered services and how to prepare for your visit.\" \/>\n<meta name=\"robots\" content=\"index, follow, max-snippet:-1, max-image-preview:large, max-video-preview:-1\" \/>\n<link rel=\"canonical\" href=\"https:\/\/cliniquedentaire1935.ca\/en\/cdcp\/\" \/>\n<meta property=\"og:locale\" content=\"en_US\" \/>\n<meta property=\"og:type\" content=\"article\" \/>\n<meta property=\"og:title\" content=\"Canadian Dental Care Plan (CDCP) | Clinique Dentaire 1935\" \/>\n<meta property=\"og:description\" content=\"Take full advantage of the Canadian Dental Care Plan (CDCP) with Clinique Dentaire 1935. Learn more about the covered services and how to prepare for your visit.\" \/>\n<meta property=\"og:url\" content=\"https:\/\/cliniquedentaire1935.ca\/en\/cdcp\/\" \/>\n<meta property=\"og:site_name\" content=\"Clinique Dentaire 1935\" \/>\n<meta property=\"article:modified_time\" content=\"2024-12-06T16:02:31+00:00\" \/>\n<meta property=\"og:image\" content=\"https:\/\/cliniquedentaire1935.ca\/wp-content\/uploads\/2019\/05\/img-intro-la-clinique.jpg\" \/>\n\t<meta property=\"og:image:width\" content=\"751\" \/>\n\t<meta property=\"og:image:height\" content=\"505\" \/>\n\t<meta property=\"og:image:type\" content=\"image\/jpeg\" \/>\n<meta name=\"twitter:card\" content=\"summary_large_image\" \/>\n<meta name=\"twitter:label1\" content=\"Est. reading time\" \/>\n\t<meta name=\"twitter:data1\" content=\"2 minutes\" \/>\n<!-- \/ Yoast SEO plugin. -->","yoast_head_json":{"title":"Canadian Dental Care Plan (CDCP) | Clinique Dentaire 1935","description":"Take full advantage of the Canadian Dental Care Plan (CDCP) with Clinique Dentaire 1935. Learn more about the covered services and how to prepare for your visit.","robots":{"index":"index","follow":"follow","max-snippet":"max-snippet:-1","max-image-preview":"max-image-preview:large","max-video-preview":"max-video-preview:-1"},"canonical":"https:\/\/cliniquedentaire1935.ca\/en\/cdcp\/","og_locale":"en_US","og_type":"article","og_title":"Canadian Dental Care Plan (CDCP) | Clinique Dentaire 1935","og_description":"Take full advantage of the Canadian Dental Care Plan (CDCP) with Clinique Dentaire 1935. Learn more about the covered services and how to prepare for your visit.","og_url":"https:\/\/cliniquedentaire1935.ca\/en\/cdcp\/","og_site_name":"Clinique Dentaire 1935","article_modified_time":"2024-12-06T16:02:31+00:00","og_image":[{"width":751,"height":505,"url":"https:\/\/cliniquedentaire1935.ca\/wp-content\/uploads\/2019\/05\/img-intro-la-clinique.jpg","type":"image\/jpeg"}],"twitter_card":"summary_large_image","twitter_misc":{"Est. reading time":"2 minutes"},"schema":{"@context":"https:\/\/schema.org","@graph":[{"@type":"WebPage","@id":"https:\/\/cliniquedentaire1935.ca\/en\/cdcp\/","url":"https:\/\/cliniquedentaire1935.ca\/en\/cdcp\/","name":"Canadian Dental Care Plan (CDCP) | Clinique Dentaire 1935","isPartOf":{"@id":"https:\/\/cliniquedentaire1935.ca\/en\/#website"},"primaryImageOfPage":{"@id":"https:\/\/cliniquedentaire1935.ca\/en\/cdcp\/#primaryimage"},"image":{"@id":"https:\/\/cliniquedentaire1935.ca\/en\/cdcp\/#primaryimage"},"thumbnailUrl":"https:\/\/cliniquedentaire1935.ca\/wp-content\/uploads\/2019\/05\/img-intro-la-clinique.jpg","datePublished":"2024-12-06T15:59:14+00:00","dateModified":"2024-12-06T16:02:31+00:00","description":"Take full advantage of the Canadian Dental Care Plan (CDCP) with Clinique Dentaire 1935. Learn more about the covered services and how to prepare for your visit.","breadcrumb":{"@id":"https:\/\/cliniquedentaire1935.ca\/en\/cdcp\/#breadcrumb"},"inLanguage":"en-US","potentialAction":[{"@type":"ReadAction","target":["https:\/\/cliniquedentaire1935.ca\/en\/cdcp\/"]}]},{"@type":"ImageObject","inLanguage":"en-US","@id":"https:\/\/cliniquedentaire1935.ca\/en\/cdcp\/#primaryimage","url":"https:\/\/cliniquedentaire1935.ca\/wp-content\/uploads\/2019\/05\/img-intro-la-clinique.jpg","contentUrl":"https:\/\/cliniquedentaire1935.ca\/wp-content\/uploads\/2019\/05\/img-intro-la-clinique.jpg"},{"@type":"BreadcrumbList","@id":"https:\/\/cliniquedentaire1935.ca\/en\/cdcp\/#breadcrumb","itemListElement":[{"@type":"ListItem","position":1,"name":"Clinique dentaire Montr\u00e9al","item":"https:\/\/cliniquedentaire1935.ca\/en\/"},{"@type":"ListItem","position":2,"name":"CDCP"}]},{"@type":"WebSite","@id":"https:\/\/cliniquedentaire1935.ca\/en\/#website","url":"https:\/\/cliniquedentaire1935.ca\/en\/","name":"Clinique Dentaire 1935","description":"Clinique Dentaire 1935","potentialAction":[{"@type":"SearchAction","target":{"@type":"EntryPoint","urlTemplate":"https:\/\/cliniquedentaire1935.ca\/en\/?s={search_term_string}"},"query-input":{"@type":"PropertyValueSpecification","valueRequired":true,"valueName":"search_term_string"}}],"inLanguage":"en-US"}]}},"_links":{"self":[{"href":"https:\/\/cliniquedentaire1935.ca\/en\/wp-json\/wp\/v2\/pages\/13984","targetHints":{"allow":["GET"]}}],"collection":[{"href":"https:\/\/cliniquedentaire1935.ca\/en\/wp-json\/wp\/v2\/pages"}],"about":[{"href":"https:\/\/cliniquedentaire1935.ca\/en\/wp-json\/wp\/v2\/types\/page"}],"author":[{"embeddable":true,"href":"https:\/\/cliniquedentaire1935.ca\/en\/wp-json\/wp\/v2\/users\/1"}],"replies":[{"embeddable":true,"href":"https:\/\/cliniquedentaire1935.ca\/en\/wp-json\/wp\/v2\/comments?post=13984"}],"version-history":[{"count":7,"href":"https:\/\/cliniquedentaire1935.ca\/en\/wp-json\/wp\/v2\/pages\/13984\/revisions"}],"predecessor-version":[{"id":13998,"href":"https:\/\/cliniquedentaire1935.ca\/en\/wp-json\/wp\/v2\/pages\/13984\/revisions\/13998"}],"wp:attachment":[{"href":"https:\/\/cliniquedentaire1935.ca\/en\/wp-json\/wp\/v2\/media?parent=13984"}],"curies":[{"name":"wp","href":"https:\/\/api.w.org\/{rel}","templated":true}]}}